{"id":43519,"date":"2026-05-06T01:28:29","date_gmt":"2026-05-06T00:28:29","guid":{"rendered":"https:\/\/cantinadelmulino.ch\/product\/les-terres-blanches-saint-chinian-a-c-2023-domaine-borie-la-vitarele-75cl-vin-rouge\/"},"modified":"2026-05-06T01:28:36","modified_gmt":"2026-05-06T00:28:36","slug":"les-terres-blanches-saint-chinian-a-c-2023-domaine-borie-la-vitarele-75cl-vin-rouge","status":"publish","type":"product","link":"https:\/\/cantinadelmulino.ch\/fr\/produit\/les-terres-blanches-saint-chinian-a-c-2023-domaine-borie-la-vitarele-75cl-vin-rouge\/","title":{"rendered":"Les Terres Blanches Saint Chinian A.C. | 2023 | Domaine Borie La Vitar\u00e8le | 75cl | vin rouge"},"content":{"rendered":"<p>Les Terres Blanches Saint Chinian A.C. 2023, France,\u00a0 Languedoc, , vin rouge, Syrah 50%, Grenache noir 40%, Mourv\u00e8dre 10%, 75cl, 2023, , 75cl, Grilladen, Poulet an Provence Kr\u00e4utern,\u00a0 14.85<\/p>\n","protected":false},"excerpt":{"rendered":"<p>Les Terres Blanches Saint Chinian A.C. 2023, France, Languedoc, Domaine Borie La Vitar\u00e8le, Domaine Borie La Vitar\u00e8le, Syrah 50%, Grenache noir 40%, Mourv\u00e8dre 10%, Syrah 50%, Grenache noir 40%, Mourv\u00e8dre 10%<\/p>\n","protected":false},"featured_media":0,"comment_status":"closed","ping_status":"closed","template":"","meta":{"_acf_changed":false},"product_brand":[],"product_cat":[17],"product_tag":[],"enthaltene-traubensorte":[1573,1551,1552],"weintyp_tax":[2115],"subskription":[],"class_list":{"0":"post-43519","1":"product","2":"type-product","3":"status-publish","5":"product_cat-uncategorized","6":"enthaltene-traubensorte-grenache-noir","7":"enthaltene-traubensorte-mourvedre","8":"enthaltene-traubensorte-syrah","9":"weintyp_tax-vin-rouge","11":"first","12":"instock","13":"taxable","14":"shipping-taxable","15":"purchasable","16":"product-type-simple"},"acf":[],"publishpress_future_workflow_manual_trigger":{"enabledWorkflows":[]},"_links":{"self":[{"href":"https:\/\/cantinadelmulino.ch\/fr\/wp-json\/wp\/v2\/product\/43519","targetHints":{"allow":["GET"]}}],"collection":[{"href":"https:\/\/cantinadelmulino.ch\/fr\/wp-json\/wp\/v2\/product"}],"about":[{"href":"https:\/\/cantinadelmulino.ch\/fr\/wp-json\/wp\/v2\/types\/product"}],"replies":[{"embeddable":true,"href":"https:\/\/cantinadelmulino.ch\/fr\/wp-json\/wp\/v2\/comments?post=43519"}],"wp:attachment":[{"href":"https:\/\/cantinadelmulino.ch\/fr\/wp-json\/wp\/v2\/media?parent=43519"}],"wp:term":[{"taxonomy":"product_brand","embeddable":true,"href":"https:\/\/cantinadelmulino.ch\/fr\/wp-json\/wp\/v2\/product_brand?post=43519"},{"taxonomy":"product_cat","embeddable":true,"href":"https:\/\/cantinadelmulino.ch\/fr\/wp-json\/wp\/v2\/product_cat?post=43519"},{"taxonomy":"product_tag","embeddable":true,"href":"https:\/\/cantinadelmulino.ch\/fr\/wp-json\/wp\/v2\/product_tag?post=43519"},{"taxonomy":"enthaltene-traubensorte","embeddable":true,"href":"https:\/\/cantinadelmulino.ch\/fr\/wp-json\/wp\/v2\/enthaltene-traubensorte?post=43519"},{"taxonomy":"weintyp_tax","embeddable":true,"href":"https:\/\/cantinadelmulino.ch\/fr\/wp-json\/wp\/v2\/weintyp_tax?post=43519"},{"taxonomy":"subskription","embeddable":true,"href":"https:\/\/cantinadelmulino.ch\/fr\/wp-json\/wp\/v2\/subskription?post=43519"}],"curies":[{"name":"wp","href":"https:\/\/api.w.org\/{rel}","templated":true}]}}