{"id":43528,"date":"2026-04-29T01:29:22","date_gmt":"2026-04-29T00:29:22","guid":{"rendered":"https:\/\/cantinadelmulino.ch\/product\/rose-des-copains-valais-aoc-2024-marie-therese-chappaz-37cl-rose\/"},"modified":"2026-04-29T01:29:26","modified_gmt":"2026-04-29T00:29:26","slug":"rose-des-copains-valais-aoc-2024-marie-therese-chappaz-37cl-rose","status":"publish","type":"product","link":"https:\/\/cantinadelmulino.ch\/fr\/produit\/rose-des-copains-valais-aoc-2024-marie-therese-chappaz-37cl-rose\/","title":{"rendered":"Ros\u00e9 des copains Valais AOC | 2024 | Marie-Th\u00e9r\u00e8se Chappaz | 37cl | ros\u00e9"},"content":{"rendered":"<p>Ros\u00e9 des copains Valais AOC 2024, Schweiz\/Suisse,\u00a0 Valais\/Wallis, , ros\u00e9, Pinot noir,  Merlot, 37cl, 2024, 12.9%, 37cl, ,\u00a0 14.85<\/p>\n","protected":false},"excerpt":{"rendered":"<p>Ros\u00e9 des copains Valais AOC 2024, Schweiz\/Suisse, Valais\/Wallis, Marie-Th\u00e9r\u00e8se Chappaz, Marie-Th\u00e9r\u00e8se Chappaz, Pinot noir,  Merlot, Pinot noir,  Merlot<\/p>\n","protected":false},"featured_media":0,"comment_status":"closed","ping_status":"closed","template":"","meta":{"_acf_changed":false},"product_brand":[],"product_cat":[17],"product_tag":[],"enthaltene-traubensorte":[1548,1543],"weintyp_tax":[2113],"subskription":[],"class_list":{"0":"post-43528","1":"product","2":"type-product","3":"status-publish","5":"product_cat-uncategorized","6":"enthaltene-traubensorte-merlot","7":"enthaltene-traubensorte-pinot-noir","8":"weintyp_tax-rose","10":"first","11":"instock","12":"taxable","13":"shipping-taxable","14":"purchasable","15":"product-type-simple"},"acf":[],"publishpress_future_workflow_manual_trigger":{"enabledWorkflows":[]},"_links":{"self":[{"href":"https:\/\/cantinadelmulino.ch\/fr\/wp-json\/wp\/v2\/product\/43528","targetHints":{"allow":["GET"]}}],"collection":[{"href":"https:\/\/cantinadelmulino.ch\/fr\/wp-json\/wp\/v2\/product"}],"about":[{"href":"https:\/\/cantinadelmulino.ch\/fr\/wp-json\/wp\/v2\/types\/product"}],"replies":[{"embeddable":true,"href":"https:\/\/cantinadelmulino.ch\/fr\/wp-json\/wp\/v2\/comments?post=43528"}],"wp:attachment":[{"href":"https:\/\/cantinadelmulino.ch\/fr\/wp-json\/wp\/v2\/media?parent=43528"}],"wp:term":[{"taxonomy":"product_brand","embeddable":true,"href":"https:\/\/cantinadelmulino.ch\/fr\/wp-json\/wp\/v2\/product_brand?post=43528"},{"taxonomy":"product_cat","embeddable":true,"href":"https:\/\/cantinadelmulino.ch\/fr\/wp-json\/wp\/v2\/product_cat?post=43528"},{"taxonomy":"product_tag","embeddable":true,"href":"https:\/\/cantinadelmulino.ch\/fr\/wp-json\/wp\/v2\/product_tag?post=43528"},{"taxonomy":"enthaltene-traubensorte","embeddable":true,"href":"https:\/\/cantinadelmulino.ch\/fr\/wp-json\/wp\/v2\/enthaltene-traubensorte?post=43528"},{"taxonomy":"weintyp_tax","embeddable":true,"href":"https:\/\/cantinadelmulino.ch\/fr\/wp-json\/wp\/v2\/weintyp_tax?post=43528"},{"taxonomy":"subskription","embeddable":true,"href":"https:\/\/cantinadelmulino.ch\/fr\/wp-json\/wp\/v2\/subskription?post=43528"}],"curies":[{"name":"wp","href":"https:\/\/api.w.org\/{rel}","templated":true}]}}