{"id":43531,"date":"2026-04-29T01:29:22","date_gmt":"2026-04-29T00:29:22","guid":{"rendered":"https:\/\/cantinadelmulino.ch\/product\/petit-nature-valais-aoc-2024-marie-therese-chappaz-20cl-vin-rouge\/"},"modified":"2026-04-29T01:29:28","modified_gmt":"2026-04-29T00:29:28","slug":"petit-nature-valais-aoc-2024-marie-therese-chappaz-20cl-vin-rouge","status":"publish","type":"product","link":"https:\/\/cantinadelmulino.ch\/fr\/produit\/petit-nature-valais-aoc-2024-marie-therese-chappaz-20cl-vin-rouge\/","title":{"rendered":"Petit Nature Valais AOC | 2024 | Marie-Th\u00e9r\u00e8se Chappaz | 20cl | vin rouge"},"content":{"rendered":"<p>Petit Nature Valais AOC 2024, Schweiz\/Suisse,\u00a0 Valais\/Wallis, , vin rouge, Gamaret, Pinot noir, Gamay, 20cl, 2024, 12.7%, 20cl, Grilladen, Kaltes Buffet, Hase, Gem\u00fcsegratin,\u00a0 10.35<\/p>\n","protected":false},"excerpt":{"rendered":"<p>Petit Nature Valais AOC 2024, Schweiz\/Suisse, Valais\/Wallis, Marie-Th\u00e9r\u00e8se Chappaz, Marie-Th\u00e9r\u00e8se Chappaz, Gamaret, Pinot noir, Gamay, Gamaret, Pinot noir, Gamay<\/p>\n","protected":false},"featured_media":0,"comment_status":"closed","ping_status":"closed","template":"","meta":{"_acf_changed":false},"product_brand":[],"product_cat":[17],"product_tag":[],"enthaltene-traubensorte":[1582,1613,1543],"weintyp_tax":[2115],"subskription":[],"class_list":{"0":"post-43531","1":"product","2":"type-product","3":"status-publish","5":"product_cat-uncategorized","6":"enthaltene-traubensorte-gamaret","7":"enthaltene-traubensorte-gamay","8":"enthaltene-traubensorte-pinot-noir","9":"weintyp_tax-vin-rouge","11":"first","12":"instock","13":"taxable","14":"shipping-taxable","15":"purchasable","16":"product-type-simple"},"acf":[],"publishpress_future_workflow_manual_trigger":{"enabledWorkflows":[]},"_links":{"self":[{"href":"https:\/\/cantinadelmulino.ch\/fr\/wp-json\/wp\/v2\/product\/43531","targetHints":{"allow":["GET"]}}],"collection":[{"href":"https:\/\/cantinadelmulino.ch\/fr\/wp-json\/wp\/v2\/product"}],"about":[{"href":"https:\/\/cantinadelmulino.ch\/fr\/wp-json\/wp\/v2\/types\/product"}],"replies":[{"embeddable":true,"href":"https:\/\/cantinadelmulino.ch\/fr\/wp-json\/wp\/v2\/comments?post=43531"}],"wp:attachment":[{"href":"https:\/\/cantinadelmulino.ch\/fr\/wp-json\/wp\/v2\/media?parent=43531"}],"wp:term":[{"taxonomy":"product_brand","embeddable":true,"href":"https:\/\/cantinadelmulino.ch\/fr\/wp-json\/wp\/v2\/product_brand?post=43531"},{"taxonomy":"product_cat","embeddable":true,"href":"https:\/\/cantinadelmulino.ch\/fr\/wp-json\/wp\/v2\/product_cat?post=43531"},{"taxonomy":"product_tag","embeddable":true,"href":"https:\/\/cantinadelmulino.ch\/fr\/wp-json\/wp\/v2\/product_tag?post=43531"},{"taxonomy":"enthaltene-traubensorte","embeddable":true,"href":"https:\/\/cantinadelmulino.ch\/fr\/wp-json\/wp\/v2\/enthaltene-traubensorte?post=43531"},{"taxonomy":"weintyp_tax","embeddable":true,"href":"https:\/\/cantinadelmulino.ch\/fr\/wp-json\/wp\/v2\/weintyp_tax?post=43531"},{"taxonomy":"subskription","embeddable":true,"href":"https:\/\/cantinadelmulino.ch\/fr\/wp-json\/wp\/v2\/subskription?post=43531"}],"curies":[{"name":"wp","href":"https:\/\/api.w.org\/{rel}","templated":true}]}}