{"id":43534,"date":"2026-04-29T01:29:28","date_gmt":"2026-04-29T00:29:28","guid":{"rendered":"https:\/\/cantinadelmulino.ch\/product\/la-petite-grange-valais-aoc-2023-marie-therese-chappaz-75cl-vin-rouge\/"},"modified":"2026-04-29T01:29:29","modified_gmt":"2026-04-29T00:29:29","slug":"la-petite-grange-valais-aoc-2023-marie-therese-chappaz-75cl-vin-rouge","status":"publish","type":"product","link":"https:\/\/cantinadelmulino.ch\/fr\/produit\/la-petite-grange-valais-aoc-2023-marie-therese-chappaz-75cl-vin-rouge\/","title":{"rendered":"La petite grange Valais AOC | 2023 | Marie-Th\u00e9r\u00e8se Chappaz | 75cl | vin rouge"},"content":{"rendered":"<p>La petite grange Valais AOC 2023, Schweiz\/Suisse,\u00a0 Valais\/Wallis, , vin rouge, Gallota, Gamaret, Pinot noir, Diolinoir, Gamay, 75cl, 2023, 12.9%, 75cl, Grilladen, Kaltes Buffet, Hase, Gem\u00fcsegratin,\u00a0 40.5<\/p>\n","protected":false},"excerpt":{"rendered":"<p>La petite grange Valais AOC 2023, Schweiz\/Suisse, Valais\/Wallis, Marie-Th\u00e9r\u00e8se Chappaz, Marie-Th\u00e9r\u00e8se Chappaz, Gallota, Gamaret, Pinot noir, Diolinoir, Gamay, Gallota, Gamaret, Pinot noir, Diolinoir, Gamay<\/p>\n","protected":false},"featured_media":0,"comment_status":"closed","ping_status":"closed","template":"","meta":{"_acf_changed":false},"product_brand":[],"product_cat":[17],"product_tag":[],"enthaltene-traubensorte":[1670,1832,1582,1613,1543],"weintyp_tax":[2115],"subskription":[],"class_list":{"0":"post-43534","1":"product","2":"type-product","3":"status-publish","5":"product_cat-uncategorized","6":"enthaltene-traubensorte-diolinoir","7":"enthaltene-traubensorte-gallota","8":"enthaltene-traubensorte-gamaret","9":"enthaltene-traubensorte-gamay","10":"enthaltene-traubensorte-pinot-noir","11":"weintyp_tax-vin-rouge","13":"first","14":"instock","15":"taxable","16":"shipping-taxable","17":"purchasable","18":"product-type-simple"},"acf":[],"publishpress_future_workflow_manual_trigger":{"enabledWorkflows":[]},"_links":{"self":[{"href":"https:\/\/cantinadelmulino.ch\/fr\/wp-json\/wp\/v2\/product\/43534","targetHints":{"allow":["GET"]}}],"collection":[{"href":"https:\/\/cantinadelmulino.ch\/fr\/wp-json\/wp\/v2\/product"}],"about":[{"href":"https:\/\/cantinadelmulino.ch\/fr\/wp-json\/wp\/v2\/types\/product"}],"replies":[{"embeddable":true,"href":"https:\/\/cantinadelmulino.ch\/fr\/wp-json\/wp\/v2\/comments?post=43534"}],"wp:attachment":[{"href":"https:\/\/cantinadelmulino.ch\/fr\/wp-json\/wp\/v2\/media?parent=43534"}],"wp:term":[{"taxonomy":"product_brand","embeddable":true,"href":"https:\/\/cantinadelmulino.ch\/fr\/wp-json\/wp\/v2\/product_brand?post=43534"},{"taxonomy":"product_cat","embeddable":true,"href":"https:\/\/cantinadelmulino.ch\/fr\/wp-json\/wp\/v2\/product_cat?post=43534"},{"taxonomy":"product_tag","embeddable":true,"href":"https:\/\/cantinadelmulino.ch\/fr\/wp-json\/wp\/v2\/product_tag?post=43534"},{"taxonomy":"enthaltene-traubensorte","embeddable":true,"href":"https:\/\/cantinadelmulino.ch\/fr\/wp-json\/wp\/v2\/enthaltene-traubensorte?post=43534"},{"taxonomy":"weintyp_tax","embeddable":true,"href":"https:\/\/cantinadelmulino.ch\/fr\/wp-json\/wp\/v2\/weintyp_tax?post=43534"},{"taxonomy":"subskription","embeddable":true,"href":"https:\/\/cantinadelmulino.ch\/fr\/wp-json\/wp\/v2\/subskription?post=43534"}],"curies":[{"name":"wp","href":"https:\/\/api.w.org\/{rel}","templated":true}]}}