{"id":43535,"date":"2026-05-13T01:24:12","date_gmt":"2026-05-13T00:24:12","guid":{"rendered":"https:\/\/cantinadelmulino.ch\/product\/blanc-luberon-a-c-2023-chateau-la-canorgue-75cl-vin-blanc\/"},"modified":"2026-05-13T01:24:15","modified_gmt":"2026-05-13T00:24:15","slug":"blanc-luberon-a-c-2023-chateau-la-canorgue-75cl-vin-blanc","status":"publish","type":"product","link":"https:\/\/cantinadelmulino.ch\/fr\/produit\/blanc-luberon-a-c-2023-chateau-la-canorgue-75cl-vin-blanc\/","title":{"rendered":"Blanc Luberon A.C. | 2023 | Ch\u00e2teau La Canorgue | 75cl | vin blanc"},"content":{"rendered":"<p>Blanc Luberon A.C. 2023, France,\u00a0 Rh\u00f4ne, , vin blanc, Roussanne, Marsanne, Clairette, Grenache, Bourboulenc, Vermentino, 75cl, 2023, , 75cl, Fisch, Ap\u00e9ro mit belegten Br\u00f6tchen, Terrine,\u00a0 15.3<\/p>\n","protected":false},"excerpt":{"rendered":"<p>Blanc Luberon A.C. 2023, France, Rh\u00f4ne, Ch\u00e2teau La Canorgue, Ch\u00e2teau La Canorgue, Roussanne, Marsanne, Clairette, Grenache, Bourboulenc, Vermentino, Roussanne, Marsanne, Clairette, Grenache, Bourboulenc, Vermentino<\/p>\n","protected":false},"featured_media":0,"comment_status":"closed","ping_status":"closed","template":"","meta":{"_acf_changed":false},"product_brand":[],"product_cat":[17],"product_tag":[],"enthaltene-traubensorte":[1603,1556,1554,1559,1558,1602],"weintyp_tax":[2116],"subskription":[],"class_list":{"0":"post-43535","1":"product","2":"type-product","3":"status-publish","5":"product_cat-uncategorized","6":"enthaltene-traubensorte-bourboulenc","7":"enthaltene-traubensorte-clairette","8":"enthaltene-traubensorte-grenache","9":"enthaltene-traubensorte-marsanne","10":"enthaltene-traubensorte-roussanne","11":"enthaltene-traubensorte-vermentino","12":"weintyp_tax-vin-blanc","14":"first","15":"instock","16":"taxable","17":"shipping-taxable","18":"purchasable","19":"product-type-simple"},"acf":[],"publishpress_future_workflow_manual_trigger":{"enabledWorkflows":[]},"_links":{"self":[{"href":"https:\/\/cantinadelmulino.ch\/fr\/wp-json\/wp\/v2\/product\/43535","targetHints":{"allow":["GET"]}}],"collection":[{"href":"https:\/\/cantinadelmulino.ch\/fr\/wp-json\/wp\/v2\/product"}],"about":[{"href":"https:\/\/cantinadelmulino.ch\/fr\/wp-json\/wp\/v2\/types\/product"}],"replies":[{"embeddable":true,"href":"https:\/\/cantinadelmulino.ch\/fr\/wp-json\/wp\/v2\/comments?post=43535"}],"wp:attachment":[{"href":"https:\/\/cantinadelmulino.ch\/fr\/wp-json\/wp\/v2\/media?parent=43535"}],"wp:term":[{"taxonomy":"product_brand","embeddable":true,"href":"https:\/\/cantinadelmulino.ch\/fr\/wp-json\/wp\/v2\/product_brand?post=43535"},{"taxonomy":"product_cat","embeddable":true,"href":"https:\/\/cantinadelmulino.ch\/fr\/wp-json\/wp\/v2\/product_cat?post=43535"},{"taxonomy":"product_tag","embeddable":true,"href":"https:\/\/cantinadelmulino.ch\/fr\/wp-json\/wp\/v2\/product_tag?post=43535"},{"taxonomy":"enthaltene-traubensorte","embeddable":true,"href":"https:\/\/cantinadelmulino.ch\/fr\/wp-json\/wp\/v2\/enthaltene-traubensorte?post=43535"},{"taxonomy":"weintyp_tax","embeddable":true,"href":"https:\/\/cantinadelmulino.ch\/fr\/wp-json\/wp\/v2\/weintyp_tax?post=43535"},{"taxonomy":"subskription","embeddable":true,"href":"https:\/\/cantinadelmulino.ch\/fr\/wp-json\/wp\/v2\/subskription?post=43535"}],"curies":[{"name":"wp","href":"https:\/\/api.w.org\/{rel}","templated":true}]}}