{"id":43548,"date":"2026-05-13T01:24:19","date_gmt":"2026-05-13T00:24:19","guid":{"rendered":"https:\/\/cantinadelmulino.ch\/product\/vin-de-voile-gaillac-1eres-cotes-aop-2010-domaine-plageoles-75cl-vin-blanc\/"},"modified":"2026-05-13T01:24:22","modified_gmt":"2026-05-13T00:24:22","slug":"vin-de-voile-gaillac-1eres-cotes-aop-2010-domaine-plageoles-75cl-vin-blanc","status":"publish","type":"product","link":"https:\/\/cantinadelmulino.ch\/fr\/produit\/vin-de-voile-gaillac-1eres-cotes-aop-2010-domaine-plageoles-75cl-vin-blanc\/","title":{"rendered":"Vin de voile Gaillac 1\u00e8res C\u00f4tes AOP | 2010 | Domaine Plageoles | 75cl | vin blanc"},"content":{"rendered":"<p>Vin de voile Gaillac 1\u00e8res C\u00f4tes AOP 2010, France,\u00a0 Sud-Ouest, , vin blanc, Mauzac Vert, 75cl, 2010, , 75cl, K\u00e4seteller,\u00a0 52.2<\/p>\n","protected":false},"excerpt":{"rendered":"<p>Vin de voile Gaillac 1\u00e8res C\u00f4tes AOP 2010, France, Sud-Ouest, Domaine Plageoles, Domaine Plageoles, Mauzac Vert, Mauzac Vert<\/p>\n","protected":false},"featured_media":0,"comment_status":"closed","ping_status":"closed","template":"","meta":{"_acf_changed":false},"product_brand":[],"product_cat":[17],"product_tag":[],"enthaltene-traubensorte":[2100],"weintyp_tax":[2116],"subskription":[],"class_list":{"0":"post-43548","1":"product","2":"type-product","3":"status-publish","5":"product_cat-uncategorized","6":"enthaltene-traubensorte-mauzac-vert","7":"weintyp_tax-vin-blanc","9":"first","10":"instock","11":"taxable","12":"shipping-taxable","13":"purchasable","14":"product-type-simple"},"acf":[],"publishpress_future_workflow_manual_trigger":{"enabledWorkflows":[]},"_links":{"self":[{"href":"https:\/\/cantinadelmulino.ch\/fr\/wp-json\/wp\/v2\/product\/43548","targetHints":{"allow":["GET"]}}],"collection":[{"href":"https:\/\/cantinadelmulino.ch\/fr\/wp-json\/wp\/v2\/product"}],"about":[{"href":"https:\/\/cantinadelmulino.ch\/fr\/wp-json\/wp\/v2\/types\/product"}],"replies":[{"embeddable":true,"href":"https:\/\/cantinadelmulino.ch\/fr\/wp-json\/wp\/v2\/comments?post=43548"}],"wp:attachment":[{"href":"https:\/\/cantinadelmulino.ch\/fr\/wp-json\/wp\/v2\/media?parent=43548"}],"wp:term":[{"taxonomy":"product_brand","embeddable":true,"href":"https:\/\/cantinadelmulino.ch\/fr\/wp-json\/wp\/v2\/product_brand?post=43548"},{"taxonomy":"product_cat","embeddable":true,"href":"https:\/\/cantinadelmulino.ch\/fr\/wp-json\/wp\/v2\/product_cat?post=43548"},{"taxonomy":"product_tag","embeddable":true,"href":"https:\/\/cantinadelmulino.ch\/fr\/wp-json\/wp\/v2\/product_tag?post=43548"},{"taxonomy":"enthaltene-traubensorte","embeddable":true,"href":"https:\/\/cantinadelmulino.ch\/fr\/wp-json\/wp\/v2\/enthaltene-traubensorte?post=43548"},{"taxonomy":"weintyp_tax","embeddable":true,"href":"https:\/\/cantinadelmulino.ch\/fr\/wp-json\/wp\/v2\/weintyp_tax?post=43548"},{"taxonomy":"subskription","embeddable":true,"href":"https:\/\/cantinadelmulino.ch\/fr\/wp-json\/wp\/v2\/subskription?post=43548"}],"curies":[{"name":"wp","href":"https:\/\/api.w.org\/{rel}","templated":true}]}}