{"id":43549,"date":"2026-05-06T01:28:50","date_gmt":"2026-05-06T00:28:50","guid":{"rendered":"https:\/\/cantinadelmulino.ch\/product\/rose-irouleguy-a-c-2024-domaine-arretxea-75cl-rose\/"},"modified":"2026-05-06T01:28:52","modified_gmt":"2026-05-06T00:28:52","slug":"rose-irouleguy-a-c-2024-domaine-arretxea-75cl-rose","status":"publish","type":"product","link":"https:\/\/cantinadelmulino.ch\/fr\/produit\/rose-irouleguy-a-c-2024-domaine-arretxea-75cl-rose\/","title":{"rendered":"Ros\u00e9 Iroul\u00e9guy A.C. | 2024 | Domaine Arretxea | 75cl | ros\u00e9"},"content":{"rendered":"<p>Ros\u00e9 Iroul\u00e9guy A.C. 2024, France,\u00a0 Sud-Ouest, , ros\u00e9, Tannat 80%, Cabernet Franc 20%, 75cl, 2024, , 75cl, Ger\u00e4ucherte Forelle, Lachs, Fischtartar, Charcuterie, Blutwurst, Grilladen,\u00a0 18<\/p>\n","protected":false},"excerpt":{"rendered":"<p>Ros\u00e9 Iroul\u00e9guy A.C. 2024, France, Sud-Ouest, Domaine Arretxea, Domaine Arretxea, Tannat 80%, Cabernet Franc 20%, Tannat 80%, Cabernet Franc 20%<\/p>\n","protected":false},"featured_media":0,"comment_status":"closed","ping_status":"closed","template":"","meta":{"_acf_changed":false},"product_brand":[],"product_cat":[17],"product_tag":[],"enthaltene-traubensorte":[1549,1580],"weintyp_tax":[2113],"subskription":[],"class_list":{"0":"post-43549","1":"product","2":"type-product","3":"status-publish","5":"product_cat-uncategorized","6":"enthaltene-traubensorte-cabernet-franc","7":"enthaltene-traubensorte-tannat","8":"weintyp_tax-rose","10":"first","11":"instock","12":"taxable","13":"shipping-taxable","14":"purchasable","15":"product-type-simple"},"acf":[],"publishpress_future_workflow_manual_trigger":{"enabledWorkflows":[]},"_links":{"self":[{"href":"https:\/\/cantinadelmulino.ch\/fr\/wp-json\/wp\/v2\/product\/43549","targetHints":{"allow":["GET"]}}],"collection":[{"href":"https:\/\/cantinadelmulino.ch\/fr\/wp-json\/wp\/v2\/product"}],"about":[{"href":"https:\/\/cantinadelmulino.ch\/fr\/wp-json\/wp\/v2\/types\/product"}],"replies":[{"embeddable":true,"href":"https:\/\/cantinadelmulino.ch\/fr\/wp-json\/wp\/v2\/comments?post=43549"}],"wp:attachment":[{"href":"https:\/\/cantinadelmulino.ch\/fr\/wp-json\/wp\/v2\/media?parent=43549"}],"wp:term":[{"taxonomy":"product_brand","embeddable":true,"href":"https:\/\/cantinadelmulino.ch\/fr\/wp-json\/wp\/v2\/product_brand?post=43549"},{"taxonomy":"product_cat","embeddable":true,"href":"https:\/\/cantinadelmulino.ch\/fr\/wp-json\/wp\/v2\/product_cat?post=43549"},{"taxonomy":"product_tag","embeddable":true,"href":"https:\/\/cantinadelmulino.ch\/fr\/wp-json\/wp\/v2\/product_tag?post=43549"},{"taxonomy":"enthaltene-traubensorte","embeddable":true,"href":"https:\/\/cantinadelmulino.ch\/fr\/wp-json\/wp\/v2\/enthaltene-traubensorte?post=43549"},{"taxonomy":"weintyp_tax","embeddable":true,"href":"https:\/\/cantinadelmulino.ch\/fr\/wp-json\/wp\/v2\/weintyp_tax?post=43549"},{"taxonomy":"subskription","embeddable":true,"href":"https:\/\/cantinadelmulino.ch\/fr\/wp-json\/wp\/v2\/subskription?post=43549"}],"curies":[{"name":"wp","href":"https:\/\/api.w.org\/{rel}","templated":true}]}}