{"id":43555,"date":"2026-04-29T01:29:35","date_gmt":"2026-04-29T00:29:35","guid":{"rendered":"https:\/\/cantinadelmulino.ch\/product\/blanc-de-noir-schiefer-graubunden-aoc-2024-obrecht-weingut-zur-sonne-75cl-vin-blanc\/"},"modified":"2026-04-29T01:29:40","modified_gmt":"2026-04-29T00:29:40","slug":"blanc-de-noir-schiefer-graubunden-aoc-2024-obrecht-weingut-zur-sonne-75cl-vin-blanc","status":"publish","type":"product","link":"https:\/\/cantinadelmulino.ch\/fr\/produit\/blanc-de-noir-schiefer-graubunden-aoc-2024-obrecht-weingut-zur-sonne-75cl-vin-blanc\/","title":{"rendered":"Blanc de Noir Schiefer Graub\u00fcnden AOC | 2024 | Obrecht Weingut zur Sonne | 75cl | vin blanc"},"content":{"rendered":"<p>Blanc de Noir Schiefer Graub\u00fcnden AOC 2024, Schweiz\/Suisse,\u00a0 Graub\u00fcnden, , vin blanc, Pinot noir, 75cl, 2024, 12.5%, 75cl, Riz Colonial, B\u00fcndnerpl\u00e4ttli, R\u00fcblisuppe, Spargeln,\u00a0 25.2<\/p>\n","protected":false},"excerpt":{"rendered":"<p>Blanc de Noir Schiefer Graub\u00fcnden AOC 2024, Schweiz\/Suisse, Graub\u00fcnden, Obrecht Weingut zur Sonne, Obrecht Weingut zur Sonne, Pinot noir, Pinot noir<\/p>\n","protected":false},"featured_media":0,"comment_status":"closed","ping_status":"closed","template":"","meta":{"_acf_changed":false},"product_brand":[],"product_cat":[17],"product_tag":[],"enthaltene-traubensorte":[1543],"weintyp_tax":[2116],"subskription":[],"class_list":{"0":"post-43555","1":"product","2":"type-product","3":"status-publish","5":"product_cat-uncategorized","6":"enthaltene-traubensorte-pinot-noir","7":"weintyp_tax-vin-blanc","9":"first","10":"instock","11":"taxable","12":"shipping-taxable","13":"purchasable","14":"product-type-simple"},"acf":[],"publishpress_future_workflow_manual_trigger":{"enabledWorkflows":[]},"_links":{"self":[{"href":"https:\/\/cantinadelmulino.ch\/fr\/wp-json\/wp\/v2\/product\/43555","targetHints":{"allow":["GET"]}}],"collection":[{"href":"https:\/\/cantinadelmulino.ch\/fr\/wp-json\/wp\/v2\/product"}],"about":[{"href":"https:\/\/cantinadelmulino.ch\/fr\/wp-json\/wp\/v2\/types\/product"}],"replies":[{"embeddable":true,"href":"https:\/\/cantinadelmulino.ch\/fr\/wp-json\/wp\/v2\/comments?post=43555"}],"wp:attachment":[{"href":"https:\/\/cantinadelmulino.ch\/fr\/wp-json\/wp\/v2\/media?parent=43555"}],"wp:term":[{"taxonomy":"product_brand","embeddable":true,"href":"https:\/\/cantinadelmulino.ch\/fr\/wp-json\/wp\/v2\/product_brand?post=43555"},{"taxonomy":"product_cat","embeddable":true,"href":"https:\/\/cantinadelmulino.ch\/fr\/wp-json\/wp\/v2\/product_cat?post=43555"},{"taxonomy":"product_tag","embeddable":true,"href":"https:\/\/cantinadelmulino.ch\/fr\/wp-json\/wp\/v2\/product_tag?post=43555"},{"taxonomy":"enthaltene-traubensorte","embeddable":true,"href":"https:\/\/cantinadelmulino.ch\/fr\/wp-json\/wp\/v2\/enthaltene-traubensorte?post=43555"},{"taxonomy":"weintyp_tax","embeddable":true,"href":"https:\/\/cantinadelmulino.ch\/fr\/wp-json\/wp\/v2\/weintyp_tax?post=43555"},{"taxonomy":"subskription","embeddable":true,"href":"https:\/\/cantinadelmulino.ch\/fr\/wp-json\/wp\/v2\/subskription?post=43555"}],"curies":[{"name":"wp","href":"https:\/\/api.w.org\/{rel}","templated":true}]}}