{"id":43556,"date":"2026-04-29T01:29:35","date_gmt":"2026-04-29T00:29:35","guid":{"rendered":"https:\/\/cantinadelmulino.ch\/product\/la-colombe-rouge-reserve-la-cote-aoc-2023-domaine-la-colombe-75cl-vin-rouge\/"},"modified":"2026-04-29T01:29:40","modified_gmt":"2026-04-29T00:29:40","slug":"la-colombe-rouge-reserve-la-cote-aoc-2023-domaine-la-colombe-75cl-vin-rouge","status":"publish","type":"product","link":"https:\/\/cantinadelmulino.ch\/fr\/produit\/la-colombe-rouge-reserve-la-cote-aoc-2023-domaine-la-colombe-75cl-vin-rouge\/","title":{"rendered":"La Colombe Rouge R\u00e9serve La C\u00f4te AOC | 2023 | Domaine La Colombe | 75cl | vin rouge"},"content":{"rendered":"<p>La Colombe Rouge R\u00e9serve La C\u00f4te AOC 2023, Schweiz\/Suisse,\u00a0 Vaud, , vin rouge, Gamaret, Merlot, Syrah, 75cl, 2023, , 75cl, ,\u00a0 28.8<\/p>\n","protected":false},"excerpt":{"rendered":"<p>La Colombe Rouge R\u00e9serve La C\u00f4te AOC 2023, Schweiz\/Suisse, Vaud, Domaine La Colombe, Domaine La Colombe, Gamaret, Merlot, Syrah, Gamaret, Merlot, Syrah<\/p>\n","protected":false},"featured_media":0,"comment_status":"closed","ping_status":"closed","template":"","meta":{"_acf_changed":false},"product_brand":[],"product_cat":[17],"product_tag":[],"enthaltene-traubensorte":[1582,1548,1552],"weintyp_tax":[2115],"subskription":[],"class_list":{"0":"post-43556","1":"product","2":"type-product","3":"status-publish","5":"product_cat-uncategorized","6":"enthaltene-traubensorte-gamaret","7":"enthaltene-traubensorte-merlot","8":"enthaltene-traubensorte-syrah","9":"weintyp_tax-vin-rouge","11":"first","12":"instock","13":"taxable","14":"shipping-taxable","15":"purchasable","16":"product-type-simple"},"acf":[],"publishpress_future_workflow_manual_trigger":{"enabledWorkflows":[]},"_links":{"self":[{"href":"https:\/\/cantinadelmulino.ch\/fr\/wp-json\/wp\/v2\/product\/43556","targetHints":{"allow":["GET"]}}],"collection":[{"href":"https:\/\/cantinadelmulino.ch\/fr\/wp-json\/wp\/v2\/product"}],"about":[{"href":"https:\/\/cantinadelmulino.ch\/fr\/wp-json\/wp\/v2\/types\/product"}],"replies":[{"embeddable":true,"href":"https:\/\/cantinadelmulino.ch\/fr\/wp-json\/wp\/v2\/comments?post=43556"}],"wp:attachment":[{"href":"https:\/\/cantinadelmulino.ch\/fr\/wp-json\/wp\/v2\/media?parent=43556"}],"wp:term":[{"taxonomy":"product_brand","embeddable":true,"href":"https:\/\/cantinadelmulino.ch\/fr\/wp-json\/wp\/v2\/product_brand?post=43556"},{"taxonomy":"product_cat","embeddable":true,"href":"https:\/\/cantinadelmulino.ch\/fr\/wp-json\/wp\/v2\/product_cat?post=43556"},{"taxonomy":"product_tag","embeddable":true,"href":"https:\/\/cantinadelmulino.ch\/fr\/wp-json\/wp\/v2\/product_tag?post=43556"},{"taxonomy":"enthaltene-traubensorte","embeddable":true,"href":"https:\/\/cantinadelmulino.ch\/fr\/wp-json\/wp\/v2\/enthaltene-traubensorte?post=43556"},{"taxonomy":"weintyp_tax","embeddable":true,"href":"https:\/\/cantinadelmulino.ch\/fr\/wp-json\/wp\/v2\/weintyp_tax?post=43556"},{"taxonomy":"subskription","embeddable":true,"href":"https:\/\/cantinadelmulino.ch\/fr\/wp-json\/wp\/v2\/subskription?post=43556"}],"curies":[{"name":"wp","href":"https:\/\/api.w.org\/{rel}","templated":true}]}}