{"id":43558,"date":"2026-04-08T01:24:24","date_gmt":"2026-04-08T00:24:24","guid":{"rendered":"https:\/\/cantinadelmulino.ch\/product\/hegoxuri-gres-irouleguy-a-c-2023-domaine-arretxea-150cl-vin-blanc\/"},"modified":"2026-04-08T01:24:28","modified_gmt":"2026-04-08T00:24:28","slug":"hegoxuri-gres-irouleguy-a-c-2023-domaine-arretxea-150cl-vin-blanc","status":"publish","type":"product","link":"https:\/\/cantinadelmulino.ch\/fr\/produit\/hegoxuri-gres-irouleguy-a-c-2023-domaine-arretxea-150cl-vin-blanc\/","title":{"rendered":"Hegoxuri Gr\u00e8s Iroul\u00e9guy A.C. | 2023 | Domaine Arretxea | 150cl | vin blanc"},"content":{"rendered":"<p>Hegoxuri Gr\u00e8s Iroul\u00e9guy A.C. 2023, France,\u00a0 Sud-Ouest, , vin blanc, Petit Manseng 50%, Gros Manseng 50%, 150cl, 2023, , 150cl, Exotische Salate, G\u00e4nsestopfleber mi-cuit, Ziegenk\u00e4se, ger\u00e4ucherter Lachs, Krebsterrine, Perlhuhn,\u00a0 88.2<\/p>\n","protected":false},"excerpt":{"rendered":"<p>Hegoxuri Gr\u00e8s Iroul\u00e9guy A.C. 2023, France, Sud-Ouest, Domaine Arretxea, Domaine Arretxea, Petit Manseng 50%, Gros Manseng 50%, Petit Manseng 50%, Gros Manseng 50%<\/p>\n","protected":false},"featured_media":0,"comment_status":"closed","ping_status":"closed","template":"","meta":{"_acf_changed":false},"product_brand":[],"product_cat":[17],"product_tag":[],"enthaltene-traubensorte":[1566,1567],"weintyp_tax":[2116],"subskription":[],"class_list":{"0":"post-43558","1":"product","2":"type-product","3":"status-publish","5":"product_cat-uncategorized","6":"enthaltene-traubensorte-gros-manseng","7":"enthaltene-traubensorte-petit-manseng","8":"weintyp_tax-vin-blanc","10":"first","11":"instock","12":"taxable","13":"shipping-taxable","14":"purchasable","15":"product-type-simple"},"acf":[],"publishpress_future_workflow_manual_trigger":{"enabledWorkflows":[]},"_links":{"self":[{"href":"https:\/\/cantinadelmulino.ch\/fr\/wp-json\/wp\/v2\/product\/43558","targetHints":{"allow":["GET"]}}],"collection":[{"href":"https:\/\/cantinadelmulino.ch\/fr\/wp-json\/wp\/v2\/product"}],"about":[{"href":"https:\/\/cantinadelmulino.ch\/fr\/wp-json\/wp\/v2\/types\/product"}],"replies":[{"embeddable":true,"href":"https:\/\/cantinadelmulino.ch\/fr\/wp-json\/wp\/v2\/comments?post=43558"}],"wp:attachment":[{"href":"https:\/\/cantinadelmulino.ch\/fr\/wp-json\/wp\/v2\/media?parent=43558"}],"wp:term":[{"taxonomy":"product_brand","embeddable":true,"href":"https:\/\/cantinadelmulino.ch\/fr\/wp-json\/wp\/v2\/product_brand?post=43558"},{"taxonomy":"product_cat","embeddable":true,"href":"https:\/\/cantinadelmulino.ch\/fr\/wp-json\/wp\/v2\/product_cat?post=43558"},{"taxonomy":"product_tag","embeddable":true,"href":"https:\/\/cantinadelmulino.ch\/fr\/wp-json\/wp\/v2\/product_tag?post=43558"},{"taxonomy":"enthaltene-traubensorte","embeddable":true,"href":"https:\/\/cantinadelmulino.ch\/fr\/wp-json\/wp\/v2\/enthaltene-traubensorte?post=43558"},{"taxonomy":"weintyp_tax","embeddable":true,"href":"https:\/\/cantinadelmulino.ch\/fr\/wp-json\/wp\/v2\/weintyp_tax?post=43558"},{"taxonomy":"subskription","embeddable":true,"href":"https:\/\/cantinadelmulino.ch\/fr\/wp-json\/wp\/v2\/subskription?post=43558"}],"curies":[{"name":"wp","href":"https:\/\/api.w.org\/{rel}","templated":true}]}}