{"id":43562,"date":"2026-05-13T01:24:26","date_gmt":"2026-05-13T00:24:26","guid":{"rendered":"https:\/\/cantinadelmulino.ch\/product\/corps-de-garde-saint-bris-a-c-2022-domaine-j-h-et-g-goisot-75cl-vin-blanc\/"},"modified":"2026-05-13T01:24:29","modified_gmt":"2026-05-13T00:24:29","slug":"corps-de-garde-saint-bris-a-c-2022-domaine-j-h-et-g-goisot-75cl-vin-blanc","status":"publish","type":"product","link":"https:\/\/cantinadelmulino.ch\/fr\/produit\/corps-de-garde-saint-bris-a-c-2022-domaine-j-h-et-g-goisot-75cl-vin-blanc\/","title":{"rendered":"Corps de Garde Saint-Bris A.C. | 2022 | Domaine J.-H. et G. Goisot | 75cl | vin blanc"},"content":{"rendered":"<p>Corps de Garde Saint-Bris A.C. 2022, France,\u00a0 Bourgogne, , vin blanc, Sauvignon rose \/ Fi\u00e9 gris, 75cl, 2022, , 75cl, Entenleber, Wachteln, Kaninchen, Muscheln Saint Jacques oder asiatische K\u00fcche s\u00fcss-sauer.,\u00a0 20.7<\/p>\n","protected":false},"excerpt":{"rendered":"<p>Corps de Garde Saint-Bris A.C. 2022, France, Bourgogne, Domaine J.-H. et G. Goisot, Domaine J.-H. et G. Goisot, Sauvignon rose \/ Fi\u00e9 gris, Sauvignon rose \/ Fi\u00e9 gris<\/p>\n","protected":false},"featured_media":0,"comment_status":"closed","ping_status":"closed","template":"","meta":{"_acf_changed":false},"product_brand":[],"product_cat":[17],"product_tag":[],"enthaltene-traubensorte":[1629],"weintyp_tax":[2116],"subskription":[],"class_list":{"0":"post-43562","1":"product","2":"type-product","3":"status-publish","5":"product_cat-uncategorized","6":"enthaltene-traubensorte-sauvignon-rose-fie-gris","7":"weintyp_tax-vin-blanc","9":"first","10":"instock","11":"taxable","12":"shipping-taxable","13":"purchasable","14":"product-type-simple"},"acf":[],"publishpress_future_workflow_manual_trigger":{"enabledWorkflows":[]},"_links":{"self":[{"href":"https:\/\/cantinadelmulino.ch\/fr\/wp-json\/wp\/v2\/product\/43562","targetHints":{"allow":["GET"]}}],"collection":[{"href":"https:\/\/cantinadelmulino.ch\/fr\/wp-json\/wp\/v2\/product"}],"about":[{"href":"https:\/\/cantinadelmulino.ch\/fr\/wp-json\/wp\/v2\/types\/product"}],"replies":[{"embeddable":true,"href":"https:\/\/cantinadelmulino.ch\/fr\/wp-json\/wp\/v2\/comments?post=43562"}],"wp:attachment":[{"href":"https:\/\/cantinadelmulino.ch\/fr\/wp-json\/wp\/v2\/media?parent=43562"}],"wp:term":[{"taxonomy":"product_brand","embeddable":true,"href":"https:\/\/cantinadelmulino.ch\/fr\/wp-json\/wp\/v2\/product_brand?post=43562"},{"taxonomy":"product_cat","embeddable":true,"href":"https:\/\/cantinadelmulino.ch\/fr\/wp-json\/wp\/v2\/product_cat?post=43562"},{"taxonomy":"product_tag","embeddable":true,"href":"https:\/\/cantinadelmulino.ch\/fr\/wp-json\/wp\/v2\/product_tag?post=43562"},{"taxonomy":"enthaltene-traubensorte","embeddable":true,"href":"https:\/\/cantinadelmulino.ch\/fr\/wp-json\/wp\/v2\/enthaltene-traubensorte?post=43562"},{"taxonomy":"weintyp_tax","embeddable":true,"href":"https:\/\/cantinadelmulino.ch\/fr\/wp-json\/wp\/v2\/weintyp_tax?post=43562"},{"taxonomy":"subskription","embeddable":true,"href":"https:\/\/cantinadelmulino.ch\/fr\/wp-json\/wp\/v2\/subskription?post=43562"}],"curies":[{"name":"wp","href":"https:\/\/api.w.org\/{rel}","templated":true}]}}