{"id":43575,"date":"2026-05-13T01:24:33","date_gmt":"2026-05-13T00:24:33","guid":{"rendered":"https:\/\/cantinadelmulino.ch\/product\/cotes-du-rhone-blanc-a-c-2024-domaine-chaume-arnaud-75cl-vin-blanc\/"},"modified":"2026-05-13T01:24:36","modified_gmt":"2026-05-13T00:24:36","slug":"cotes-du-rhone-blanc-a-c-2024-domaine-chaume-arnaud-75cl-vin-blanc","status":"publish","type":"product","link":"https:\/\/cantinadelmulino.ch\/fr\/produit\/cotes-du-rhone-blanc-a-c-2024-domaine-chaume-arnaud-75cl-vin-blanc\/","title":{"rendered":"C\u00f4tes du Rh\u00f4ne Blanc A.C. | 2024 | Domaine Chaume-Arnaud | 75cl | vin blanc"},"content":{"rendered":"<p>C\u00f4tes du Rh\u00f4ne Blanc A.C. 2024, France,\u00a0 Rh\u00f4ne, , vin blanc, Viognier, Roussanne, Marsanne, 75cl, 2024, , 75cl, Apero, Fischgerichte,\u00a0 13.05<\/p>\n","protected":false},"excerpt":{"rendered":"<p>C\u00f4tes du Rh\u00f4ne Blanc A.C. 2024, France, Rh\u00f4ne, Domaine Chaume-Arnaud, Domaine Chaume-Arnaud, Viognier, Roussanne, Marsanne, Viognier, Roussanne, Marsanne<\/p>\n","protected":false},"featured_media":0,"comment_status":"closed","ping_status":"closed","template":"","meta":{"_acf_changed":false},"product_brand":[],"product_cat":[17],"product_tag":[],"enthaltene-traubensorte":[1559,1558,1635],"weintyp_tax":[2116],"subskription":[],"class_list":{"0":"post-43575","1":"product","2":"type-product","3":"status-publish","5":"product_cat-uncategorized","6":"enthaltene-traubensorte-marsanne","7":"enthaltene-traubensorte-roussanne","8":"enthaltene-traubensorte-viognier","9":"weintyp_tax-vin-blanc","11":"first","12":"instock","13":"taxable","14":"shipping-taxable","15":"purchasable","16":"product-type-simple"},"acf":[],"publishpress_future_workflow_manual_trigger":{"enabledWorkflows":[]},"_links":{"self":[{"href":"https:\/\/cantinadelmulino.ch\/fr\/wp-json\/wp\/v2\/product\/43575","targetHints":{"allow":["GET"]}}],"collection":[{"href":"https:\/\/cantinadelmulino.ch\/fr\/wp-json\/wp\/v2\/product"}],"about":[{"href":"https:\/\/cantinadelmulino.ch\/fr\/wp-json\/wp\/v2\/types\/product"}],"replies":[{"embeddable":true,"href":"https:\/\/cantinadelmulino.ch\/fr\/wp-json\/wp\/v2\/comments?post=43575"}],"wp:attachment":[{"href":"https:\/\/cantinadelmulino.ch\/fr\/wp-json\/wp\/v2\/media?parent=43575"}],"wp:term":[{"taxonomy":"product_brand","embeddable":true,"href":"https:\/\/cantinadelmulino.ch\/fr\/wp-json\/wp\/v2\/product_brand?post=43575"},{"taxonomy":"product_cat","embeddable":true,"href":"https:\/\/cantinadelmulino.ch\/fr\/wp-json\/wp\/v2\/product_cat?post=43575"},{"taxonomy":"product_tag","embeddable":true,"href":"https:\/\/cantinadelmulino.ch\/fr\/wp-json\/wp\/v2\/product_tag?post=43575"},{"taxonomy":"enthaltene-traubensorte","embeddable":true,"href":"https:\/\/cantinadelmulino.ch\/fr\/wp-json\/wp\/v2\/enthaltene-traubensorte?post=43575"},{"taxonomy":"weintyp_tax","embeddable":true,"href":"https:\/\/cantinadelmulino.ch\/fr\/wp-json\/wp\/v2\/weintyp_tax?post=43575"},{"taxonomy":"subskription","embeddable":true,"href":"https:\/\/cantinadelmulino.ch\/fr\/wp-json\/wp\/v2\/subskription?post=43575"}],"curies":[{"name":"wp","href":"https:\/\/api.w.org\/{rel}","templated":true}]}}