{"id":43576,"date":"2026-04-29T01:29:48","date_gmt":"2026-04-29T00:29:48","guid":{"rendered":"https:\/\/cantinadelmulino.ch\/product\/cotes-du-rhone-a-c-2023-domaine-chaume-arnaud-75cl-vin-rouge\/"},"modified":"2026-04-29T01:29:50","modified_gmt":"2026-04-29T00:29:50","slug":"cotes-du-rhone-a-c-2023-domaine-chaume-arnaud-75cl-vin-rouge","status":"publish","type":"product","link":"https:\/\/cantinadelmulino.ch\/fr\/produit\/cotes-du-rhone-a-c-2023-domaine-chaume-arnaud-75cl-vin-rouge\/","title":{"rendered":"C\u00f4tes-du-Rh\u00f4ne A.C. | 2023 | Domaine Chaume-Arnaud | 75cl | vin rouge"},"content":{"rendered":"<p>C\u00f4tes-du-Rh\u00f4ne A.C. 2023, France,\u00a0 Rh\u00f4ne, , vin rouge, Grenache noir 40%; Syrah 40%, Cinsault 20%, 75cl, 2023, 13.5%, 75cl, ,\u00a0 12.15<\/p>\n","protected":false},"excerpt":{"rendered":"<p>C\u00f4tes-du-Rh\u00f4ne A.C. 2023, France, Rh\u00f4ne, Domaine Chaume-Arnaud, Domaine Chaume-Arnaud, Grenache noir 40%; Syrah 40%, Cinsault 20%, Grenache noir 40%; Syrah 40%, Cinsault 20%<\/p>\n","protected":false},"featured_media":0,"comment_status":"closed","ping_status":"closed","template":"","meta":{"_acf_changed":false},"product_brand":[],"product_cat":[17],"product_tag":[],"enthaltene-traubensorte":[1555,1573,1552],"weintyp_tax":[2115],"subskription":[],"class_list":{"0":"post-43576","1":"product","2":"type-product","3":"status-publish","5":"product_cat-uncategorized","6":"enthaltene-traubensorte-cinsault","7":"enthaltene-traubensorte-grenache-noir","8":"enthaltene-traubensorte-syrah","9":"weintyp_tax-vin-rouge","11":"first","12":"instock","13":"taxable","14":"shipping-taxable","15":"purchasable","16":"product-type-simple"},"acf":[],"publishpress_future_workflow_manual_trigger":{"enabledWorkflows":[]},"_links":{"self":[{"href":"https:\/\/cantinadelmulino.ch\/fr\/wp-json\/wp\/v2\/product\/43576","targetHints":{"allow":["GET"]}}],"collection":[{"href":"https:\/\/cantinadelmulino.ch\/fr\/wp-json\/wp\/v2\/product"}],"about":[{"href":"https:\/\/cantinadelmulino.ch\/fr\/wp-json\/wp\/v2\/types\/product"}],"replies":[{"embeddable":true,"href":"https:\/\/cantinadelmulino.ch\/fr\/wp-json\/wp\/v2\/comments?post=43576"}],"wp:attachment":[{"href":"https:\/\/cantinadelmulino.ch\/fr\/wp-json\/wp\/v2\/media?parent=43576"}],"wp:term":[{"taxonomy":"product_brand","embeddable":true,"href":"https:\/\/cantinadelmulino.ch\/fr\/wp-json\/wp\/v2\/product_brand?post=43576"},{"taxonomy":"product_cat","embeddable":true,"href":"https:\/\/cantinadelmulino.ch\/fr\/wp-json\/wp\/v2\/product_cat?post=43576"},{"taxonomy":"product_tag","embeddable":true,"href":"https:\/\/cantinadelmulino.ch\/fr\/wp-json\/wp\/v2\/product_tag?post=43576"},{"taxonomy":"enthaltene-traubensorte","embeddable":true,"href":"https:\/\/cantinadelmulino.ch\/fr\/wp-json\/wp\/v2\/enthaltene-traubensorte?post=43576"},{"taxonomy":"weintyp_tax","embeddable":true,"href":"https:\/\/cantinadelmulino.ch\/fr\/wp-json\/wp\/v2\/weintyp_tax?post=43576"},{"taxonomy":"subskription","embeddable":true,"href":"https:\/\/cantinadelmulino.ch\/fr\/wp-json\/wp\/v2\/subskription?post=43576"}],"curies":[{"name":"wp","href":"https:\/\/api.w.org\/{rel}","templated":true}]}}