{"id":43612,"date":"2026-04-08T01:24:47","date_gmt":"2026-04-08T00:24:47","guid":{"rendered":"https:\/\/cantinadelmulino.ch\/product\/tradition-saint-chinian-a-c-2023-chateau-bousquette-75cl-vin-rouge\/"},"modified":"2026-04-08T01:24:54","modified_gmt":"2026-04-08T00:24:54","slug":"tradition-saint-chinian-a-c-2023-chateau-bousquette-75cl-vin-rouge","status":"publish","type":"product","link":"https:\/\/cantinadelmulino.ch\/fr\/produit\/tradition-saint-chinian-a-c-2023-chateau-bousquette-75cl-vin-rouge\/","title":{"rendered":"Tradition Saint-Chinian A.C. | 2023 | Ch\u00e2teau Bousquette | 75cl | vin rouge"},"content":{"rendered":"<p>Tradition Saint-Chinian A.C. 2023, France,\u00a0 Languedoc, , vin rouge, Syrah 40%, Grenache 40%, Mourv\u00e8dre 20%, 75cl, 2023, , 75cl, Perlhuhn mit Kohl, Lammkarree, griechische K\u00fcche,\u00a0 10.8<\/p>\n","protected":false},"excerpt":{"rendered":"<p>Tradition Saint-Chinian A.C. 2023, France, Languedoc, Ch\u00e2teau Bousquette, Ch\u00e2teau Bousquette, Syrah 40%, Grenache 40%, Mourv\u00e8dre 20%, Syrah 40%, Grenache 40%, Mourv\u00e8dre 20%<\/p>\n","protected":false},"featured_media":0,"comment_status":"closed","ping_status":"closed","template":"","meta":{"_acf_changed":false},"product_brand":[],"product_cat":[17],"product_tag":[],"enthaltene-traubensorte":[1554,1551,1552],"weintyp_tax":[2115],"subskription":[],"class_list":{"0":"post-43612","1":"product","2":"type-product","3":"status-publish","5":"product_cat-uncategorized","6":"enthaltene-traubensorte-grenache","7":"enthaltene-traubensorte-mourvedre","8":"enthaltene-traubensorte-syrah","9":"weintyp_tax-vin-rouge","11":"first","12":"instock","13":"taxable","14":"shipping-taxable","15":"purchasable","16":"product-type-simple"},"acf":[],"publishpress_future_workflow_manual_trigger":{"enabledWorkflows":[]},"_links":{"self":[{"href":"https:\/\/cantinadelmulino.ch\/fr\/wp-json\/wp\/v2\/product\/43612","targetHints":{"allow":["GET"]}}],"collection":[{"href":"https:\/\/cantinadelmulino.ch\/fr\/wp-json\/wp\/v2\/product"}],"about":[{"href":"https:\/\/cantinadelmulino.ch\/fr\/wp-json\/wp\/v2\/types\/product"}],"replies":[{"embeddable":true,"href":"https:\/\/cantinadelmulino.ch\/fr\/wp-json\/wp\/v2\/comments?post=43612"}],"wp:attachment":[{"href":"https:\/\/cantinadelmulino.ch\/fr\/wp-json\/wp\/v2\/media?parent=43612"}],"wp:term":[{"taxonomy":"product_brand","embeddable":true,"href":"https:\/\/cantinadelmulino.ch\/fr\/wp-json\/wp\/v2\/product_brand?post=43612"},{"taxonomy":"product_cat","embeddable":true,"href":"https:\/\/cantinadelmulino.ch\/fr\/wp-json\/wp\/v2\/product_cat?post=43612"},{"taxonomy":"product_tag","embeddable":true,"href":"https:\/\/cantinadelmulino.ch\/fr\/wp-json\/wp\/v2\/product_tag?post=43612"},{"taxonomy":"enthaltene-traubensorte","embeddable":true,"href":"https:\/\/cantinadelmulino.ch\/fr\/wp-json\/wp\/v2\/enthaltene-traubensorte?post=43612"},{"taxonomy":"weintyp_tax","embeddable":true,"href":"https:\/\/cantinadelmulino.ch\/fr\/wp-json\/wp\/v2\/weintyp_tax?post=43612"},{"taxonomy":"subskription","embeddable":true,"href":"https:\/\/cantinadelmulino.ch\/fr\/wp-json\/wp\/v2\/subskription?post=43612"}],"curies":[{"name":"wp","href":"https:\/\/api.w.org\/{rel}","templated":true}]}}