{"id":43615,"date":"2026-05-13T01:24:54","date_gmt":"2026-05-13T00:24:54","guid":{"rendered":"https:\/\/cantinadelmulino.ch\/product\/ribolla-gialla-a-tessa-venezia-giulia-igp-2024-i-clivi-75cl-vin-blanc\/"},"modified":"2026-05-13T01:24:57","modified_gmt":"2026-05-13T00:24:57","slug":"ribolla-gialla-a-tessa-venezia-giulia-igp-2024-i-clivi-75cl-vin-blanc","status":"publish","type":"product","link":"https:\/\/cantinadelmulino.ch\/fr\/produit\/ribolla-gialla-a-tessa-venezia-giulia-igp-2024-i-clivi-75cl-vin-blanc\/","title":{"rendered":"Ribolla Gialla a Tessa Venezia Giulia IGP | 2024 | i Clivi | 75cl | vin blanc"},"content":{"rendered":"<p>Ribolla Gialla a Tessa Venezia Giulia IGP 2024, Italia,\u00a0 Friuli\/Venetia-Giulia, , vin blanc, Ribolla Gialla, 75cl, 2024, , 75cl, Ap\u00e9ritif, Gem\u00fcsesticks, Ziegenk\u00e4se,\u00a0 16.2<\/p>\n","protected":false},"excerpt":{"rendered":"<p>Ribolla Gialla a Tessa Venezia Giulia IGP 2024, Italia, Friuli\/Venetia-Giulia, i Clivi, i Clivi, Ribolla Gialla, Ribolla Gialla<\/p>\n","protected":false},"featured_media":0,"comment_status":"closed","ping_status":"closed","template":"","meta":{"_acf_changed":false},"product_brand":[],"product_cat":[17],"product_tag":[],"enthaltene-traubensorte":[1672],"weintyp_tax":[2116],"subskription":[],"class_list":{"0":"post-43615","1":"product","2":"type-product","3":"status-publish","5":"product_cat-uncategorized","6":"enthaltene-traubensorte-ribolla-gialla","7":"weintyp_tax-vin-blanc","9":"first","10":"instock","11":"taxable","12":"shipping-taxable","13":"purchasable","14":"product-type-simple"},"acf":[],"publishpress_future_workflow_manual_trigger":{"enabledWorkflows":[]},"_links":{"self":[{"href":"https:\/\/cantinadelmulino.ch\/fr\/wp-json\/wp\/v2\/product\/43615","targetHints":{"allow":["GET"]}}],"collection":[{"href":"https:\/\/cantinadelmulino.ch\/fr\/wp-json\/wp\/v2\/product"}],"about":[{"href":"https:\/\/cantinadelmulino.ch\/fr\/wp-json\/wp\/v2\/types\/product"}],"replies":[{"embeddable":true,"href":"https:\/\/cantinadelmulino.ch\/fr\/wp-json\/wp\/v2\/comments?post=43615"}],"wp:attachment":[{"href":"https:\/\/cantinadelmulino.ch\/fr\/wp-json\/wp\/v2\/media?parent=43615"}],"wp:term":[{"taxonomy":"product_brand","embeddable":true,"href":"https:\/\/cantinadelmulino.ch\/fr\/wp-json\/wp\/v2\/product_brand?post=43615"},{"taxonomy":"product_cat","embeddable":true,"href":"https:\/\/cantinadelmulino.ch\/fr\/wp-json\/wp\/v2\/product_cat?post=43615"},{"taxonomy":"product_tag","embeddable":true,"href":"https:\/\/cantinadelmulino.ch\/fr\/wp-json\/wp\/v2\/product_tag?post=43615"},{"taxonomy":"enthaltene-traubensorte","embeddable":true,"href":"https:\/\/cantinadelmulino.ch\/fr\/wp-json\/wp\/v2\/enthaltene-traubensorte?post=43615"},{"taxonomy":"weintyp_tax","embeddable":true,"href":"https:\/\/cantinadelmulino.ch\/fr\/wp-json\/wp\/v2\/weintyp_tax?post=43615"},{"taxonomy":"subskription","embeddable":true,"href":"https:\/\/cantinadelmulino.ch\/fr\/wp-json\/wp\/v2\/subskription?post=43615"}],"curies":[{"name":"wp","href":"https:\/\/api.w.org\/{rel}","templated":true}]}}