{"id":43621,"date":"2026-04-29T01:30:07","date_gmt":"2026-04-29T00:30:07","guid":{"rendered":"https:\/\/cantinadelmulino.ch\/product\/grain-cornalin-valais-aoc-2024-marie-therese-chappaz-75cl-vin-rouge\/"},"modified":"2026-04-29T01:30:11","modified_gmt":"2026-04-29T00:30:11","slug":"grain-cornalin-valais-aoc-2024-marie-therese-chappaz-75cl-vin-rouge","status":"publish","type":"product","link":"https:\/\/cantinadelmulino.ch\/fr\/produit\/grain-cornalin-valais-aoc-2024-marie-therese-chappaz-75cl-vin-rouge\/","title":{"rendered":"Grain Cornalin Valais AOC | 2024 | Marie-Th\u00e9r\u00e8se Chappaz | 75cl | vin rouge"},"content":{"rendered":"<p>Grain Cornalin Valais AOC 2024, Schweiz\/Suisse,\u00a0 Valais\/Wallis, , vin rouge, Cornalin, 75cl, 2024, 12.8%, 75cl, Geschmorte Gerichte, Lammbraten, kr\u00e4ftiger K\u00e4se,\u00a0 65.7<\/p>\n","protected":false},"excerpt":{"rendered":"<p>Grain Cornalin Valais AOC 2024, Schweiz\/Suisse, Valais\/Wallis, Marie-Th\u00e9r\u00e8se Chappaz, Marie-Th\u00e9r\u00e8se Chappaz, Cornalin, Cornalin<\/p>\n","protected":false},"featured_media":0,"comment_status":"closed","ping_status":"closed","template":"","meta":{"_acf_changed":false},"product_brand":[],"product_cat":[17],"product_tag":[],"enthaltene-traubensorte":[1768],"weintyp_tax":[2115],"subskription":[],"class_list":{"0":"post-43621","1":"product","2":"type-product","3":"status-publish","5":"product_cat-uncategorized","6":"enthaltene-traubensorte-cornalin","7":"weintyp_tax-vin-rouge","9":"first","10":"instock","11":"taxable","12":"shipping-taxable","13":"purchasable","14":"product-type-simple"},"acf":[],"publishpress_future_workflow_manual_trigger":{"enabledWorkflows":[]},"_links":{"self":[{"href":"https:\/\/cantinadelmulino.ch\/fr\/wp-json\/wp\/v2\/product\/43621","targetHints":{"allow":["GET"]}}],"collection":[{"href":"https:\/\/cantinadelmulino.ch\/fr\/wp-json\/wp\/v2\/product"}],"about":[{"href":"https:\/\/cantinadelmulino.ch\/fr\/wp-json\/wp\/v2\/types\/product"}],"replies":[{"embeddable":true,"href":"https:\/\/cantinadelmulino.ch\/fr\/wp-json\/wp\/v2\/comments?post=43621"}],"wp:attachment":[{"href":"https:\/\/cantinadelmulino.ch\/fr\/wp-json\/wp\/v2\/media?parent=43621"}],"wp:term":[{"taxonomy":"product_brand","embeddable":true,"href":"https:\/\/cantinadelmulino.ch\/fr\/wp-json\/wp\/v2\/product_brand?post=43621"},{"taxonomy":"product_cat","embeddable":true,"href":"https:\/\/cantinadelmulino.ch\/fr\/wp-json\/wp\/v2\/product_cat?post=43621"},{"taxonomy":"product_tag","embeddable":true,"href":"https:\/\/cantinadelmulino.ch\/fr\/wp-json\/wp\/v2\/product_tag?post=43621"},{"taxonomy":"enthaltene-traubensorte","embeddable":true,"href":"https:\/\/cantinadelmulino.ch\/fr\/wp-json\/wp\/v2\/enthaltene-traubensorte?post=43621"},{"taxonomy":"weintyp_tax","embeddable":true,"href":"https:\/\/cantinadelmulino.ch\/fr\/wp-json\/wp\/v2\/weintyp_tax?post=43621"},{"taxonomy":"subskription","embeddable":true,"href":"https:\/\/cantinadelmulino.ch\/fr\/wp-json\/wp\/v2\/subskription?post=43621"}],"curies":[{"name":"wp","href":"https:\/\/api.w.org\/{rel}","templated":true}]}}