{"id":43630,"date":"2026-05-13T01:25:01","date_gmt":"2026-05-13T00:25:01","guid":{"rendered":"https:\/\/cantinadelmulino.ch\/product\/les-10-anes-blancs-corbieres-aop-2024-domaine-des-2-anes-75cl-vin-blanc\/"},"modified":"2026-05-13T01:25:07","modified_gmt":"2026-05-13T00:25:07","slug":"les-10-anes-blancs-corbieres-aop-2024-domaine-des-2-anes-75cl-vin-blanc","status":"publish","type":"product","link":"https:\/\/cantinadelmulino.ch\/fr\/produit\/les-10-anes-blancs-corbieres-aop-2024-domaine-des-2-anes-75cl-vin-blanc\/","title":{"rendered":"Les 10 \u00e2nes blancs Corbi\u00e8res AOP | 2024 | Domaine des 2 \u00e2nes | 75cl | vin blanc"},"content":{"rendered":"<p>Les 10 \u00e2nes blancs Corbi\u00e8res AOP 2024, France,\u00a0 Languedoc, , vin blanc, Grenache blanc, Grenache gris, Bourboulenc, Macabeu, Clairette, Carignan Blanc, 75cl, 2024, , 75cl, Meeresfisch (Dorade, Seeteufel, Seewolf), Kalbpaupiette, Ziegenk\u00e4se, Saint-Marcellin, Chaource,\u00a0 16.2<\/p>\n","protected":false},"excerpt":{"rendered":"<p>Les 10 \u00e2nes blancs Corbi\u00e8res AOP 2024, France, Languedoc, Domaine des 2 \u00e2nes, Domaine des 2 \u00e2nes, Grenache blanc, Grenache gris, Bourboulenc, Macabeu, Clairette, Carignan Blanc, Grenache blanc, Grenache gris, Bourboulenc, Macabeu, Clairette, Carignan Blanc<\/p>\n","protected":false},"featured_media":0,"comment_status":"closed","ping_status":"closed","template":"","meta":{"_acf_changed":false},"product_brand":[],"product_cat":[17],"product_tag":[],"enthaltene-traubensorte":[1603,1563,1556,1560,1574,1652],"weintyp_tax":[2116],"subskription":[],"class_list":{"0":"post-43630","1":"product","2":"type-product","3":"status-publish","5":"product_cat-uncategorized","6":"enthaltene-traubensorte-bourboulenc","7":"enthaltene-traubensorte-carignan-blanc","8":"enthaltene-traubensorte-clairette","9":"enthaltene-traubensorte-grenache-blanc","10":"enthaltene-traubensorte-grenache-gris","11":"enthaltene-traubensorte-macabeu","12":"weintyp_tax-vin-blanc","14":"first","15":"instock","16":"taxable","17":"shipping-taxable","18":"purchasable","19":"product-type-simple"},"acf":[],"publishpress_future_workflow_manual_trigger":{"enabledWorkflows":[]},"_links":{"self":[{"href":"https:\/\/cantinadelmulino.ch\/fr\/wp-json\/wp\/v2\/product\/43630","targetHints":{"allow":["GET"]}}],"collection":[{"href":"https:\/\/cantinadelmulino.ch\/fr\/wp-json\/wp\/v2\/product"}],"about":[{"href":"https:\/\/cantinadelmulino.ch\/fr\/wp-json\/wp\/v2\/types\/product"}],"replies":[{"embeddable":true,"href":"https:\/\/cantinadelmulino.ch\/fr\/wp-json\/wp\/v2\/comments?post=43630"}],"wp:attachment":[{"href":"https:\/\/cantinadelmulino.ch\/fr\/wp-json\/wp\/v2\/media?parent=43630"}],"wp:term":[{"taxonomy":"product_brand","embeddable":true,"href":"https:\/\/cantinadelmulino.ch\/fr\/wp-json\/wp\/v2\/product_brand?post=43630"},{"taxonomy":"product_cat","embeddable":true,"href":"https:\/\/cantinadelmulino.ch\/fr\/wp-json\/wp\/v2\/product_cat?post=43630"},{"taxonomy":"product_tag","embeddable":true,"href":"https:\/\/cantinadelmulino.ch\/fr\/wp-json\/wp\/v2\/product_tag?post=43630"},{"taxonomy":"enthaltene-traubensorte","embeddable":true,"href":"https:\/\/cantinadelmulino.ch\/fr\/wp-json\/wp\/v2\/enthaltene-traubensorte?post=43630"},{"taxonomy":"weintyp_tax","embeddable":true,"href":"https:\/\/cantinadelmulino.ch\/fr\/wp-json\/wp\/v2\/weintyp_tax?post=43630"},{"taxonomy":"subskription","embeddable":true,"href":"https:\/\/cantinadelmulino.ch\/fr\/wp-json\/wp\/v2\/subskription?post=43630"}],"curies":[{"name":"wp","href":"https:\/\/api.w.org\/{rel}","templated":true}]}}