{"id":43631,"date":"2026-05-13T01:25:01","date_gmt":"2026-05-13T00:25:01","guid":{"rendered":"https:\/\/cantinadelmulino.ch\/product\/limodanes-rose-petillant-naturel-vin-de-france-2024-domaine-des-2-anes-75cl-mousseux\/"},"modified":"2026-05-13T01:25:07","modified_gmt":"2026-05-13T00:25:07","slug":"limodanes-rose-petillant-naturel-vin-de-france-2024-domaine-des-2-anes-75cl-mousseux","status":"publish","type":"product","link":"https:\/\/cantinadelmulino.ch\/fr\/produit\/limodanes-rose-petillant-naturel-vin-de-france-2024-domaine-des-2-anes-75cl-mousseux\/","title":{"rendered":"Limod&rsquo;\u00e2nes \u2022 Ros\u00e9 P\u00e9tillant Naturel Vin de France | 2024 | Domaine des 2 \u00e2nes | 75cl | mousseux"},"content":{"rendered":"<p>Limod&rsquo;\u00e2nes \u2022 Ros\u00e9 P\u00e9tillant Naturel Vin de France 2024, France,\u00a0 Languedoc, , mousseux, Carignan, 75cl, 2024, 11.5%, 75cl, Meeresfisch (Dorade, Seeteufel, Seewolf), Kalbpaupiette, Ziegenk\u00e4se, Saint-Marcellin, Chaource,\u00a0 16.2<\/p>\n","protected":false},"excerpt":{"rendered":"<p>Limod&rsquo;\u00e2nes \u2022 Ros\u00e9 P\u00e9tillant Naturel Vin de France 2024, France, Languedoc, Domaine des 2 \u00e2nes, Domaine des 2 \u00e2nes, Carignan, Carignan<\/p>\n","protected":false},"featured_media":0,"comment_status":"closed","ping_status":"closed","template":"","meta":{"_acf_changed":false},"product_brand":[],"product_cat":[17],"product_tag":[],"enthaltene-traubensorte":[1553],"weintyp_tax":[2117],"subskription":[],"class_list":{"0":"post-43631","1":"product","2":"type-product","3":"status-publish","5":"product_cat-uncategorized","6":"enthaltene-traubensorte-carignan","7":"weintyp_tax-mousseux","9":"first","10":"instock","11":"taxable","12":"shipping-taxable","13":"purchasable","14":"product-type-simple"},"acf":[],"publishpress_future_workflow_manual_trigger":{"enabledWorkflows":[]},"_links":{"self":[{"href":"https:\/\/cantinadelmulino.ch\/fr\/wp-json\/wp\/v2\/product\/43631","targetHints":{"allow":["GET"]}}],"collection":[{"href":"https:\/\/cantinadelmulino.ch\/fr\/wp-json\/wp\/v2\/product"}],"about":[{"href":"https:\/\/cantinadelmulino.ch\/fr\/wp-json\/wp\/v2\/types\/product"}],"replies":[{"embeddable":true,"href":"https:\/\/cantinadelmulino.ch\/fr\/wp-json\/wp\/v2\/comments?post=43631"}],"wp:attachment":[{"href":"https:\/\/cantinadelmulino.ch\/fr\/wp-json\/wp\/v2\/media?parent=43631"}],"wp:term":[{"taxonomy":"product_brand","embeddable":true,"href":"https:\/\/cantinadelmulino.ch\/fr\/wp-json\/wp\/v2\/product_brand?post=43631"},{"taxonomy":"product_cat","embeddable":true,"href":"https:\/\/cantinadelmulino.ch\/fr\/wp-json\/wp\/v2\/product_cat?post=43631"},{"taxonomy":"product_tag","embeddable":true,"href":"https:\/\/cantinadelmulino.ch\/fr\/wp-json\/wp\/v2\/product_tag?post=43631"},{"taxonomy":"enthaltene-traubensorte","embeddable":true,"href":"https:\/\/cantinadelmulino.ch\/fr\/wp-json\/wp\/v2\/enthaltene-traubensorte?post=43631"},{"taxonomy":"weintyp_tax","embeddable":true,"href":"https:\/\/cantinadelmulino.ch\/fr\/wp-json\/wp\/v2\/weintyp_tax?post=43631"},{"taxonomy":"subskription","embeddable":true,"href":"https:\/\/cantinadelmulino.ch\/fr\/wp-json\/wp\/v2\/subskription?post=43631"}],"curies":[{"name":"wp","href":"https:\/\/api.w.org\/{rel}","templated":true}]}}