{"id":43643,"date":"2026-04-29T01:30:20","date_gmt":"2026-04-29T00:30:20","guid":{"rendered":"https:\/\/cantinadelmulino.ch\/product\/melodine-la-cote-aoc-2024-domaine-henri-cruchon-75cl-vin-rouge\/"},"modified":"2026-04-29T01:30:22","modified_gmt":"2026-04-29T00:30:22","slug":"melodine-la-cote-aoc-2024-domaine-henri-cruchon-75cl-vin-rouge","status":"publish","type":"product","link":"https:\/\/cantinadelmulino.ch\/fr\/produit\/melodine-la-cote-aoc-2024-domaine-henri-cruchon-75cl-vin-rouge\/","title":{"rendered":"M\u00e9lodine La C\u00f4te AOC | 2024 | Domaine Henri Cruchon | 75cl | vin rouge"},"content":{"rendered":"<p>M\u00e9lodine La C\u00f4te AOC 2024, Schweiz\/Suisse,\u00a0 Vaud, , vin rouge, Gamay, Divico, 75cl, 2024, , 75cl, Aperitif, Alltagsk\u00fcche, Geschmortes, Brasseriespezialit\u00e4ten, Schweiniges, Grilladen, Pizza, Pasta,\u00a0 15.75<\/p>\n","protected":false},"excerpt":{"rendered":"<p>M\u00e9lodine La C\u00f4te AOC 2024, Schweiz\/Suisse, Vaud, Domaine Henri Cruchon, Domaine Henri Cruchon, Gamay, Divico, Gamay, Divico<\/p>\n","protected":false},"featured_media":0,"comment_status":"closed","ping_status":"closed","template":"","meta":{"_acf_changed":false},"product_brand":[],"product_cat":[17],"product_tag":[],"enthaltene-traubensorte":[1858,1613],"weintyp_tax":[2115],"subskription":[],"class_list":{"0":"post-43643","1":"product","2":"type-product","3":"status-publish","5":"product_cat-uncategorized","6":"enthaltene-traubensorte-divico","7":"enthaltene-traubensorte-gamay","8":"weintyp_tax-vin-rouge","10":"first","11":"instock","12":"taxable","13":"shipping-taxable","14":"purchasable","15":"product-type-simple"},"acf":[],"publishpress_future_workflow_manual_trigger":{"enabledWorkflows":[]},"_links":{"self":[{"href":"https:\/\/cantinadelmulino.ch\/fr\/wp-json\/wp\/v2\/product\/43643","targetHints":{"allow":["GET"]}}],"collection":[{"href":"https:\/\/cantinadelmulino.ch\/fr\/wp-json\/wp\/v2\/product"}],"about":[{"href":"https:\/\/cantinadelmulino.ch\/fr\/wp-json\/wp\/v2\/types\/product"}],"replies":[{"embeddable":true,"href":"https:\/\/cantinadelmulino.ch\/fr\/wp-json\/wp\/v2\/comments?post=43643"}],"wp:attachment":[{"href":"https:\/\/cantinadelmulino.ch\/fr\/wp-json\/wp\/v2\/media?parent=43643"}],"wp:term":[{"taxonomy":"product_brand","embeddable":true,"href":"https:\/\/cantinadelmulino.ch\/fr\/wp-json\/wp\/v2\/product_brand?post=43643"},{"taxonomy":"product_cat","embeddable":true,"href":"https:\/\/cantinadelmulino.ch\/fr\/wp-json\/wp\/v2\/product_cat?post=43643"},{"taxonomy":"product_tag","embeddable":true,"href":"https:\/\/cantinadelmulino.ch\/fr\/wp-json\/wp\/v2\/product_tag?post=43643"},{"taxonomy":"enthaltene-traubensorte","embeddable":true,"href":"https:\/\/cantinadelmulino.ch\/fr\/wp-json\/wp\/v2\/enthaltene-traubensorte?post=43643"},{"taxonomy":"weintyp_tax","embeddable":true,"href":"https:\/\/cantinadelmulino.ch\/fr\/wp-json\/wp\/v2\/weintyp_tax?post=43643"},{"taxonomy":"subskription","embeddable":true,"href":"https:\/\/cantinadelmulino.ch\/fr\/wp-json\/wp\/v2\/subskription?post=43643"}],"curies":[{"name":"wp","href":"https:\/\/api.w.org\/{rel}","templated":true}]}}