{"id":43652,"date":"2026-05-06T01:29:45","date_gmt":"2026-05-06T00:29:45","guid":{"rendered":"https:\/\/cantinadelmulino.ch\/product\/a-propos-dailes-cidre-demi-sec-2021-jacques-perritaz-75cl\/"},"modified":"2026-05-06T01:29:46","modified_gmt":"2026-05-06T00:29:46","slug":"a-propos-dailes-cidre-demi-sec-2021-jacques-perritaz-75cl","status":"publish","type":"product","link":"https:\/\/cantinadelmulino.ch\/fr\/produit\/a-propos-dailes-cidre-demi-sec-2021-jacques-perritaz-75cl\/","title":{"rendered":"A propos d\u2019Ailes Cidre demi-sec | 2021 | Jacques Perritaz | 75cl |"},"content":{"rendered":"<p>A propos d\u2019Ailes Cidre demi-sec 2021, Schweiz\/Suisse,\u00a0 Fribourg\/Freiburg, , , assemblage de pommes vari\u00e9es du terroir de thurgovie, 75cl, 2021, 4%, 75cl, Ap\u00e9ro, Alpk\u00e4se,\u00a0 22.5<\/p>\n","protected":false},"excerpt":{"rendered":"<p>A propos d\u2019Ailes Cidre demi-sec 2021, Schweiz\/Suisse, Fribourg\/Freiburg, Jacques Perritaz, Jacques Perritaz, assemblage de pommes vari\u00e9es du terroir de thurgovie, assemblage de pommes vari\u00e9es du terroir de thurgovie<\/p>\n","protected":false},"featured_media":0,"comment_status":"closed","ping_status":"closed","template":"","meta":{"_acf_changed":false},"product_brand":[],"product_cat":[17],"product_tag":[],"enthaltene-traubensorte":[1875],"weintyp_tax":[],"subskription":[],"class_list":{"0":"post-43652","1":"product","2":"type-product","3":"status-publish","5":"product_cat-uncategorized","6":"enthaltene-traubensorte-assemblage-de-pommes-variees-du-terroir-de-thurgovie","8":"first","9":"instock","10":"taxable","11":"shipping-taxable","12":"purchasable","13":"product-type-simple"},"acf":[],"publishpress_future_workflow_manual_trigger":{"enabledWorkflows":[]},"_links":{"self":[{"href":"https:\/\/cantinadelmulino.ch\/fr\/wp-json\/wp\/v2\/product\/43652","targetHints":{"allow":["GET"]}}],"collection":[{"href":"https:\/\/cantinadelmulino.ch\/fr\/wp-json\/wp\/v2\/product"}],"about":[{"href":"https:\/\/cantinadelmulino.ch\/fr\/wp-json\/wp\/v2\/types\/product"}],"replies":[{"embeddable":true,"href":"https:\/\/cantinadelmulino.ch\/fr\/wp-json\/wp\/v2\/comments?post=43652"}],"wp:attachment":[{"href":"https:\/\/cantinadelmulino.ch\/fr\/wp-json\/wp\/v2\/media?parent=43652"}],"wp:term":[{"taxonomy":"product_brand","embeddable":true,"href":"https:\/\/cantinadelmulino.ch\/fr\/wp-json\/wp\/v2\/product_brand?post=43652"},{"taxonomy":"product_cat","embeddable":true,"href":"https:\/\/cantinadelmulino.ch\/fr\/wp-json\/wp\/v2\/product_cat?post=43652"},{"taxonomy":"product_tag","embeddable":true,"href":"https:\/\/cantinadelmulino.ch\/fr\/wp-json\/wp\/v2\/product_tag?post=43652"},{"taxonomy":"enthaltene-traubensorte","embeddable":true,"href":"https:\/\/cantinadelmulino.ch\/fr\/wp-json\/wp\/v2\/enthaltene-traubensorte?post=43652"},{"taxonomy":"weintyp_tax","embeddable":true,"href":"https:\/\/cantinadelmulino.ch\/fr\/wp-json\/wp\/v2\/weintyp_tax?post=43652"},{"taxonomy":"subskription","embeddable":true,"href":"https:\/\/cantinadelmulino.ch\/fr\/wp-json\/wp\/v2\/subskription?post=43652"}],"curies":[{"name":"wp","href":"https:\/\/api.w.org\/{rel}","templated":true}]}}