{"id":43655,"date":"2026-04-08T01:26:08","date_gmt":"2026-04-08T00:26:08","guid":{"rendered":"https:\/\/cantinadelmulino.ch\/product\/desir-blanc-pays-dherault-igp-2025-la-croix-gratiot-75cl-vin-blanc\/"},"modified":"2026-04-08T01:26:09","modified_gmt":"2026-04-08T00:26:09","slug":"desir-blanc-pays-dherault-igp-2025-la-croix-gratiot-75cl-vin-blanc","status":"publish","type":"product","link":"https:\/\/cantinadelmulino.ch\/fr\/produit\/desir-blanc-pays-dherault-igp-2025-la-croix-gratiot-75cl-vin-blanc\/","title":{"rendered":"D\u00e9sir blanc Pays d\u2019H\u00e9rault IGP | 2025 | La Croix Gratiot | 75cl | vin blanc"},"content":{"rendered":"<p>D\u00e9sir blanc Pays d\u2019H\u00e9rault IGP 2025, France,\u00a0 Languedoc, , vin blanc, Viognier, Sauvignon, Roussanne, 75cl, 2025, , 75cl, Aperitif, H\u00e4hnchen-Tajine mit Mandeln, thail\u00e4ndische K\u00fcche, Zitronen-Baiser-Torte,\u00a0 11.7<\/p>\n","protected":false},"excerpt":{"rendered":"<p>D\u00e9sir blanc Pays d\u2019H\u00e9rault IGP 2025, France, Languedoc, La Croix Gratiot, La Croix Gratiot, Viognier, Sauvignon, Roussanne, Viognier, Sauvignon, Roussanne<\/p>\n","protected":false},"featured_media":0,"comment_status":"closed","ping_status":"closed","template":"","meta":{"_acf_changed":false},"product_brand":[],"product_cat":[17],"product_tag":[],"enthaltene-traubensorte":[1558,1596,1635],"weintyp_tax":[2116],"subskription":[],"class_list":{"0":"post-43655","1":"product","2":"type-product","3":"status-publish","5":"product_cat-uncategorized","6":"enthaltene-traubensorte-roussanne","7":"enthaltene-traubensorte-sauvignon","8":"enthaltene-traubensorte-viognier","9":"weintyp_tax-vin-blanc","11":"first","12":"instock","13":"taxable","14":"shipping-taxable","15":"purchasable","16":"product-type-simple"},"acf":[],"publishpress_future_workflow_manual_trigger":{"enabledWorkflows":[]},"_links":{"self":[{"href":"https:\/\/cantinadelmulino.ch\/fr\/wp-json\/wp\/v2\/product\/43655","targetHints":{"allow":["GET"]}}],"collection":[{"href":"https:\/\/cantinadelmulino.ch\/fr\/wp-json\/wp\/v2\/product"}],"about":[{"href":"https:\/\/cantinadelmulino.ch\/fr\/wp-json\/wp\/v2\/types\/product"}],"replies":[{"embeddable":true,"href":"https:\/\/cantinadelmulino.ch\/fr\/wp-json\/wp\/v2\/comments?post=43655"}],"wp:attachment":[{"href":"https:\/\/cantinadelmulino.ch\/fr\/wp-json\/wp\/v2\/media?parent=43655"}],"wp:term":[{"taxonomy":"product_brand","embeddable":true,"href":"https:\/\/cantinadelmulino.ch\/fr\/wp-json\/wp\/v2\/product_brand?post=43655"},{"taxonomy":"product_cat","embeddable":true,"href":"https:\/\/cantinadelmulino.ch\/fr\/wp-json\/wp\/v2\/product_cat?post=43655"},{"taxonomy":"product_tag","embeddable":true,"href":"https:\/\/cantinadelmulino.ch\/fr\/wp-json\/wp\/v2\/product_tag?post=43655"},{"taxonomy":"enthaltene-traubensorte","embeddable":true,"href":"https:\/\/cantinadelmulino.ch\/fr\/wp-json\/wp\/v2\/enthaltene-traubensorte?post=43655"},{"taxonomy":"weintyp_tax","embeddable":true,"href":"https:\/\/cantinadelmulino.ch\/fr\/wp-json\/wp\/v2\/weintyp_tax?post=43655"},{"taxonomy":"subskription","embeddable":true,"href":"https:\/\/cantinadelmulino.ch\/fr\/wp-json\/wp\/v2\/subskription?post=43655"}],"curies":[{"name":"wp","href":"https:\/\/api.w.org\/{rel}","templated":true}]}}