{"id":43659,"date":"2026-04-08T01:26:08","date_gmt":"2026-04-08T00:26:08","guid":{"rendered":"https:\/\/cantinadelmulino.ch\/product\/la-cuvee-des-cigales-pays-dherault-igp-2025-domaine-borie-la-vitarele-75cl-vin-rouge\/"},"modified":"2026-04-08T01:26:10","modified_gmt":"2026-04-08T00:26:10","slug":"la-cuvee-des-cigales-pays-dherault-igp-2025-domaine-borie-la-vitarele-75cl-vin-rouge","status":"publish","type":"product","link":"https:\/\/cantinadelmulino.ch\/fr\/produit\/la-cuvee-des-cigales-pays-dherault-igp-2025-domaine-borie-la-vitarele-75cl-vin-rouge\/","title":{"rendered":"La Cuv\u00e9e des Cigales Pays d\u2019H\u00e9rault IGP | 2025 | Domaine Borie La Vitar\u00e8le | 75cl | vin rouge"},"content":{"rendered":"<p>La Cuv\u00e9e des Cigales Pays d\u2019H\u00e9rault IGP 2025, France,\u00a0 Languedoc, , vin rouge, Cinsault 50%, Grenache 50%, 75cl, 2025, , 75cl, Einfache Gerichte, Aperitiv,\u00a0 11.7<\/p>\n","protected":false},"excerpt":{"rendered":"<p>La Cuv\u00e9e des Cigales Pays d\u2019H\u00e9rault IGP 2025, France, Languedoc, Domaine Borie La Vitar\u00e8le, Domaine Borie La Vitar\u00e8le, Cinsault 50%, Grenache 50%, Cinsault 50%, Grenache 50%<\/p>\n","protected":false},"featured_media":0,"comment_status":"closed","ping_status":"closed","template":"","meta":{"_acf_changed":false},"product_brand":[],"product_cat":[17],"product_tag":[],"enthaltene-traubensorte":[1555,1554],"weintyp_tax":[2115],"subskription":[],"class_list":{"0":"post-43659","1":"product","2":"type-product","3":"status-publish","5":"product_cat-uncategorized","6":"enthaltene-traubensorte-cinsault","7":"enthaltene-traubensorte-grenache","8":"weintyp_tax-vin-rouge","10":"first","11":"instock","12":"taxable","13":"shipping-taxable","14":"purchasable","15":"product-type-simple"},"acf":[],"publishpress_future_workflow_manual_trigger":{"enabledWorkflows":[]},"_links":{"self":[{"href":"https:\/\/cantinadelmulino.ch\/fr\/wp-json\/wp\/v2\/product\/43659","targetHints":{"allow":["GET"]}}],"collection":[{"href":"https:\/\/cantinadelmulino.ch\/fr\/wp-json\/wp\/v2\/product"}],"about":[{"href":"https:\/\/cantinadelmulino.ch\/fr\/wp-json\/wp\/v2\/types\/product"}],"replies":[{"embeddable":true,"href":"https:\/\/cantinadelmulino.ch\/fr\/wp-json\/wp\/v2\/comments?post=43659"}],"wp:attachment":[{"href":"https:\/\/cantinadelmulino.ch\/fr\/wp-json\/wp\/v2\/media?parent=43659"}],"wp:term":[{"taxonomy":"product_brand","embeddable":true,"href":"https:\/\/cantinadelmulino.ch\/fr\/wp-json\/wp\/v2\/product_brand?post=43659"},{"taxonomy":"product_cat","embeddable":true,"href":"https:\/\/cantinadelmulino.ch\/fr\/wp-json\/wp\/v2\/product_cat?post=43659"},{"taxonomy":"product_tag","embeddable":true,"href":"https:\/\/cantinadelmulino.ch\/fr\/wp-json\/wp\/v2\/product_tag?post=43659"},{"taxonomy":"enthaltene-traubensorte","embeddable":true,"href":"https:\/\/cantinadelmulino.ch\/fr\/wp-json\/wp\/v2\/enthaltene-traubensorte?post=43659"},{"taxonomy":"weintyp_tax","embeddable":true,"href":"https:\/\/cantinadelmulino.ch\/fr\/wp-json\/wp\/v2\/weintyp_tax?post=43659"},{"taxonomy":"subskription","embeddable":true,"href":"https:\/\/cantinadelmulino.ch\/fr\/wp-json\/wp\/v2\/subskription?post=43659"}],"curies":[{"name":"wp","href":"https:\/\/api.w.org\/{rel}","templated":true}]}}