{"id":43664,"date":"2026-04-08T01:26:08","date_gmt":"2026-04-08T00:26:08","guid":{"rendered":"https:\/\/cantinadelmulino.ch\/product\/vinsobres-a-c-2022-domaine-chaume-arnaud-150cl-vin-rouge\/"},"modified":"2026-04-08T01:26:12","modified_gmt":"2026-04-08T00:26:12","slug":"vinsobres-a-c-2022-domaine-chaume-arnaud-150cl-vin-rouge","status":"publish","type":"product","link":"https:\/\/cantinadelmulino.ch\/fr\/produit\/vinsobres-a-c-2022-domaine-chaume-arnaud-150cl-vin-rouge\/","title":{"rendered":"Vinsobres A.C. | 2022 | Domaine Chaume-Arnaud | 150cl | vin rouge"},"content":{"rendered":"<p>Vinsobres A.C. 2022, France,\u00a0 Rh\u00f4ne, , vin rouge, Grenache noir, Syrah, Cinsault, Mourv\u00e8dre, Counoise, 150cl, 2022, , 150cl, Wildpilz-Risotto, Wild, Ente an Oliven,\u00a0 37.8<\/p>\n","protected":false},"excerpt":{"rendered":"<p>Vinsobres A.C. 2022, France, Rh\u00f4ne, Domaine Chaume-Arnaud, Domaine Chaume-Arnaud, Grenache noir, Syrah, Cinsault, Mourv\u00e8dre, Counoise, Grenache noir, Syrah, Cinsault, Mourv\u00e8dre, Counoise<\/p>\n","protected":false},"featured_media":0,"comment_status":"closed","ping_status":"closed","template":"","meta":{"_acf_changed":false},"product_brand":[],"product_cat":[17],"product_tag":[],"enthaltene-traubensorte":[1555,1585,1573,1551,1552],"weintyp_tax":[2115],"subskription":[],"class_list":{"0":"post-43664","1":"product","2":"type-product","3":"status-publish","5":"product_cat-uncategorized","6":"enthaltene-traubensorte-cinsault","7":"enthaltene-traubensorte-counoise","8":"enthaltene-traubensorte-grenache-noir","9":"enthaltene-traubensorte-mourvedre","10":"enthaltene-traubensorte-syrah","11":"weintyp_tax-vin-rouge","13":"first","14":"instock","15":"taxable","16":"shipping-taxable","17":"purchasable","18":"product-type-simple"},"acf":[],"publishpress_future_workflow_manual_trigger":{"enabledWorkflows":[]},"_links":{"self":[{"href":"https:\/\/cantinadelmulino.ch\/fr\/wp-json\/wp\/v2\/product\/43664","targetHints":{"allow":["GET"]}}],"collection":[{"href":"https:\/\/cantinadelmulino.ch\/fr\/wp-json\/wp\/v2\/product"}],"about":[{"href":"https:\/\/cantinadelmulino.ch\/fr\/wp-json\/wp\/v2\/types\/product"}],"replies":[{"embeddable":true,"href":"https:\/\/cantinadelmulino.ch\/fr\/wp-json\/wp\/v2\/comments?post=43664"}],"wp:attachment":[{"href":"https:\/\/cantinadelmulino.ch\/fr\/wp-json\/wp\/v2\/media?parent=43664"}],"wp:term":[{"taxonomy":"product_brand","embeddable":true,"href":"https:\/\/cantinadelmulino.ch\/fr\/wp-json\/wp\/v2\/product_brand?post=43664"},{"taxonomy":"product_cat","embeddable":true,"href":"https:\/\/cantinadelmulino.ch\/fr\/wp-json\/wp\/v2\/product_cat?post=43664"},{"taxonomy":"product_tag","embeddable":true,"href":"https:\/\/cantinadelmulino.ch\/fr\/wp-json\/wp\/v2\/product_tag?post=43664"},{"taxonomy":"enthaltene-traubensorte","embeddable":true,"href":"https:\/\/cantinadelmulino.ch\/fr\/wp-json\/wp\/v2\/enthaltene-traubensorte?post=43664"},{"taxonomy":"weintyp_tax","embeddable":true,"href":"https:\/\/cantinadelmulino.ch\/fr\/wp-json\/wp\/v2\/weintyp_tax?post=43664"},{"taxonomy":"subskription","embeddable":true,"href":"https:\/\/cantinadelmulino.ch\/fr\/wp-json\/wp\/v2\/subskription?post=43664"}],"curies":[{"name":"wp","href":"https:\/\/api.w.org\/{rel}","templated":true}]}}