{"id":43667,"date":"2026-04-08T01:26:13","date_gmt":"2026-04-08T00:26:13","guid":{"rendered":"https:\/\/cantinadelmulino.ch\/product\/zai-zai-zai-zai-pays-dherault-igp-2024-la-croix-gratiot-75cl-mousseux\/"},"modified":"2026-04-08T01:26:13","modified_gmt":"2026-04-08T00:26:13","slug":"zai-zai-zai-zai-pays-dherault-igp-2024-la-croix-gratiot-75cl-mousseux","status":"publish","type":"product","link":"https:\/\/cantinadelmulino.ch\/fr\/produit\/zai-zai-zai-zai-pays-dherault-igp-2024-la-croix-gratiot-75cl-mousseux\/","title":{"rendered":"Za\u00ef Za\u00ef Za\u00ef Za\u00ef Pays d\u2019H\u00e9rault  IGP | 2024 | La Croix Gratiot | 75cl | mousseux"},"content":{"rendered":"<p>Za\u00ef Za\u00ef Za\u00ef Za\u00ef Pays d\u2019H\u00e9rault  IGP 2024, France,\u00a0 Languedoc, , mousseux, Piquepoul blanc, 75cl, 2024, , 75cl, Apero, Tapas,\u00a0 17.1<\/p>\n","protected":false},"excerpt":{"rendered":"<p>Za\u00ef Za\u00ef Za\u00ef Za\u00ef Pays d\u2019H\u00e9rault  IGP 2024, France, Languedoc, La Croix Gratiot, La Croix Gratiot, Piquepoul blanc, Piquepoul blanc<\/p>\n","protected":false},"featured_media":0,"comment_status":"closed","ping_status":"closed","template":"","meta":{"_acf_changed":false},"product_brand":[],"product_cat":[17],"product_tag":[],"enthaltene-traubensorte":[2211],"weintyp_tax":[2117],"subskription":[],"class_list":{"0":"post-43667","1":"product","2":"type-product","3":"status-publish","5":"product_cat-uncategorized","6":"enthaltene-traubensorte-piquepoul-blanc","7":"weintyp_tax-mousseux","9":"first","10":"instock","11":"taxable","12":"shipping-taxable","13":"purchasable","14":"product-type-simple"},"acf":[],"publishpress_future_workflow_manual_trigger":{"enabledWorkflows":[]},"_links":{"self":[{"href":"https:\/\/cantinadelmulino.ch\/fr\/wp-json\/wp\/v2\/product\/43667","targetHints":{"allow":["GET"]}}],"collection":[{"href":"https:\/\/cantinadelmulino.ch\/fr\/wp-json\/wp\/v2\/product"}],"about":[{"href":"https:\/\/cantinadelmulino.ch\/fr\/wp-json\/wp\/v2\/types\/product"}],"replies":[{"embeddable":true,"href":"https:\/\/cantinadelmulino.ch\/fr\/wp-json\/wp\/v2\/comments?post=43667"}],"wp:attachment":[{"href":"https:\/\/cantinadelmulino.ch\/fr\/wp-json\/wp\/v2\/media?parent=43667"}],"wp:term":[{"taxonomy":"product_brand","embeddable":true,"href":"https:\/\/cantinadelmulino.ch\/fr\/wp-json\/wp\/v2\/product_brand?post=43667"},{"taxonomy":"product_cat","embeddable":true,"href":"https:\/\/cantinadelmulino.ch\/fr\/wp-json\/wp\/v2\/product_cat?post=43667"},{"taxonomy":"product_tag","embeddable":true,"href":"https:\/\/cantinadelmulino.ch\/fr\/wp-json\/wp\/v2\/product_tag?post=43667"},{"taxonomy":"enthaltene-traubensorte","embeddable":true,"href":"https:\/\/cantinadelmulino.ch\/fr\/wp-json\/wp\/v2\/enthaltene-traubensorte?post=43667"},{"taxonomy":"weintyp_tax","embeddable":true,"href":"https:\/\/cantinadelmulino.ch\/fr\/wp-json\/wp\/v2\/weintyp_tax?post=43667"},{"taxonomy":"subskription","embeddable":true,"href":"https:\/\/cantinadelmulino.ch\/fr\/wp-json\/wp\/v2\/subskription?post=43667"}],"curies":[{"name":"wp","href":"https:\/\/api.w.org\/{rel}","templated":true}]}}