{"id":43672,"date":"2026-04-08T01:26:13","date_gmt":"2026-04-08T00:26:13","guid":{"rendered":"https:\/\/cantinadelmulino.ch\/product\/havre-de-pomme-25-cidre-brut-label-pomme-33cl-mout-de-raisin\/"},"modified":"2026-04-08T01:26:15","modified_gmt":"2026-04-08T00:26:15","slug":"havre-de-pomme-25-cidre-brut-label-pomme-33cl-mout-de-raisin","status":"publish","type":"product","link":"https:\/\/cantinadelmulino.ch\/fr\/produit\/havre-de-pomme-25-cidre-brut-label-pomme-33cl-mout-de-raisin\/","title":{"rendered":"Havre de Pomme (\u201925) Cidre Brut |  | Label Pomme | 33cl | mo\u00fbt de raisin"},"content":{"rendered":"<p>Havre de Pomme (\u201925) Cidre Brut , Schweiz\/Suisse,\u00a0 Gen\u00e8ve, , mo\u00fbt de raisin, S\u00e9lection de vari\u00e9t\u00e9s, 33cl, , 5.4%, 33cl, ,\u00a0 4.5<\/p>\n","protected":false},"excerpt":{"rendered":"<p>Havre de Pomme (\u201925) Cidre Brut , Schweiz\/Suisse, Gen\u00e8ve, Label Pomme, Label Pomme, S\u00e9lection de vari\u00e9t\u00e9s, S\u00e9lection de vari\u00e9t\u00e9s<\/p>\n","protected":false},"featured_media":0,"comment_status":"closed","ping_status":"closed","template":"","meta":{"_acf_changed":false},"product_brand":[],"product_cat":[17],"product_tag":[],"enthaltene-traubensorte":[2191],"weintyp_tax":[2193],"subskription":[],"class_list":{"0":"post-43672","1":"product","2":"type-product","3":"status-publish","5":"product_cat-uncategorized","6":"enthaltene-traubensorte-selection-de-varietes","7":"weintyp_tax-mout-de-raisin","9":"first","10":"instock","11":"taxable","12":"shipping-taxable","13":"purchasable","14":"product-type-simple"},"acf":[],"publishpress_future_workflow_manual_trigger":{"enabledWorkflows":[]},"_links":{"self":[{"href":"https:\/\/cantinadelmulino.ch\/fr\/wp-json\/wp\/v2\/product\/43672","targetHints":{"allow":["GET"]}}],"collection":[{"href":"https:\/\/cantinadelmulino.ch\/fr\/wp-json\/wp\/v2\/product"}],"about":[{"href":"https:\/\/cantinadelmulino.ch\/fr\/wp-json\/wp\/v2\/types\/product"}],"replies":[{"embeddable":true,"href":"https:\/\/cantinadelmulino.ch\/fr\/wp-json\/wp\/v2\/comments?post=43672"}],"wp:attachment":[{"href":"https:\/\/cantinadelmulino.ch\/fr\/wp-json\/wp\/v2\/media?parent=43672"}],"wp:term":[{"taxonomy":"product_brand","embeddable":true,"href":"https:\/\/cantinadelmulino.ch\/fr\/wp-json\/wp\/v2\/product_brand?post=43672"},{"taxonomy":"product_cat","embeddable":true,"href":"https:\/\/cantinadelmulino.ch\/fr\/wp-json\/wp\/v2\/product_cat?post=43672"},{"taxonomy":"product_tag","embeddable":true,"href":"https:\/\/cantinadelmulino.ch\/fr\/wp-json\/wp\/v2\/product_tag?post=43672"},{"taxonomy":"enthaltene-traubensorte","embeddable":true,"href":"https:\/\/cantinadelmulino.ch\/fr\/wp-json\/wp\/v2\/enthaltene-traubensorte?post=43672"},{"taxonomy":"weintyp_tax","embeddable":true,"href":"https:\/\/cantinadelmulino.ch\/fr\/wp-json\/wp\/v2\/weintyp_tax?post=43672"},{"taxonomy":"subskription","embeddable":true,"href":"https:\/\/cantinadelmulino.ch\/fr\/wp-json\/wp\/v2\/subskription?post=43672"}],"curies":[{"name":"wp","href":"https:\/\/api.w.org\/{rel}","templated":true}]}}