{"id":43675,"date":"2026-04-08T01:26:13","date_gmt":"2026-04-08T00:26:13","guid":{"rendered":"https:\/\/cantinadelmulino.ch\/product\/cypres-assemblage-geneve-aoc-2023-domaine-du-chambet-75cl-vin-rouge\/"},"modified":"2026-04-08T01:26:16","modified_gmt":"2026-04-08T00:26:16","slug":"cypres-assemblage-geneve-aoc-2023-domaine-du-chambet-75cl-vin-rouge","status":"publish","type":"product","link":"https:\/\/cantinadelmulino.ch\/fr\/produit\/cypres-assemblage-geneve-aoc-2023-domaine-du-chambet-75cl-vin-rouge\/","title":{"rendered":"Cypr\u00e8s Assemblage Gen\u00e8ve AOC | 2023 | Domaine du Chambet | 75cl | vin rouge"},"content":{"rendered":"<p>Cypr\u00e8s Assemblage Gen\u00e8ve AOC 2023, Schweiz\/Suisse,\u00a0 Gen\u00e8ve, , vin rouge, Pinot noir, Gamay, Divico, 75cl, 2023, 13%, 75cl, ,\u00a0 15.3<\/p>\n","protected":false},"excerpt":{"rendered":"<p>Cypr\u00e8s Assemblage Gen\u00e8ve AOC 2023, Schweiz\/Suisse, Gen\u00e8ve, Domaine du Chambet, Domaine du Chambet, Pinot noir, Gamay, Divico, Pinot noir, Gamay, Divico<\/p>\n","protected":false},"featured_media":0,"comment_status":"closed","ping_status":"closed","template":"","meta":{"_acf_changed":false},"product_brand":[],"product_cat":[17],"product_tag":[],"enthaltene-traubensorte":[1858,1613,1543],"weintyp_tax":[2115],"subskription":[],"class_list":{"0":"post-43675","1":"product","2":"type-product","3":"status-publish","5":"product_cat-uncategorized","6":"enthaltene-traubensorte-divico","7":"enthaltene-traubensorte-gamay","8":"enthaltene-traubensorte-pinot-noir","9":"weintyp_tax-vin-rouge","11":"first","12":"instock","13":"taxable","14":"shipping-taxable","15":"purchasable","16":"product-type-simple"},"acf":[],"publishpress_future_workflow_manual_trigger":{"enabledWorkflows":[]},"_links":{"self":[{"href":"https:\/\/cantinadelmulino.ch\/fr\/wp-json\/wp\/v2\/product\/43675","targetHints":{"allow":["GET"]}}],"collection":[{"href":"https:\/\/cantinadelmulino.ch\/fr\/wp-json\/wp\/v2\/product"}],"about":[{"href":"https:\/\/cantinadelmulino.ch\/fr\/wp-json\/wp\/v2\/types\/product"}],"replies":[{"embeddable":true,"href":"https:\/\/cantinadelmulino.ch\/fr\/wp-json\/wp\/v2\/comments?post=43675"}],"wp:attachment":[{"href":"https:\/\/cantinadelmulino.ch\/fr\/wp-json\/wp\/v2\/media?parent=43675"}],"wp:term":[{"taxonomy":"product_brand","embeddable":true,"href":"https:\/\/cantinadelmulino.ch\/fr\/wp-json\/wp\/v2\/product_brand?post=43675"},{"taxonomy":"product_cat","embeddable":true,"href":"https:\/\/cantinadelmulino.ch\/fr\/wp-json\/wp\/v2\/product_cat?post=43675"},{"taxonomy":"product_tag","embeddable":true,"href":"https:\/\/cantinadelmulino.ch\/fr\/wp-json\/wp\/v2\/product_tag?post=43675"},{"taxonomy":"enthaltene-traubensorte","embeddable":true,"href":"https:\/\/cantinadelmulino.ch\/fr\/wp-json\/wp\/v2\/enthaltene-traubensorte?post=43675"},{"taxonomy":"weintyp_tax","embeddable":true,"href":"https:\/\/cantinadelmulino.ch\/fr\/wp-json\/wp\/v2\/weintyp_tax?post=43675"},{"taxonomy":"subskription","embeddable":true,"href":"https:\/\/cantinadelmulino.ch\/fr\/wp-json\/wp\/v2\/subskription?post=43675"}],"curies":[{"name":"wp","href":"https:\/\/api.w.org\/{rel}","templated":true}]}}