{"id":43678,"date":"2026-04-08T01:26:13","date_gmt":"2026-04-08T00:26:13","guid":{"rendered":"https:\/\/cantinadelmulino.ch\/product\/rozsa-petsovits-2025-weingut-weninger-75cl-rose\/"},"modified":"2026-04-08T01:26:17","modified_gmt":"2026-04-08T00:26:17","slug":"rozsa-petsovits-2025-weingut-weninger-75cl-rose","status":"publish","type":"product","link":"https:\/\/cantinadelmulino.ch\/fr\/produit\/rozsa-petsovits-2025-weingut-weninger-75cl-rose\/","title":{"rendered":"R\u00f3zsa Petsovits | 2025 | Weingut Weninger | 75cl | ros\u00e9"},"content":{"rendered":"<p>R\u00f3zsa Petsovits 2025, \u00d6sterreich,\u00a0 Burgenland, , ros\u00e9, Blaufr\u00e4nkisch, 75cl, 2025, 12.5%, 75cl, Fleischgerichte, mediterrane Gerichte,\u00a0 13.5<\/p>\n","protected":false},"excerpt":{"rendered":"<p>R\u00f3zsa Petsovits 2025, \u00d6sterreich, Burgenland, Weingut Weninger, Weingut Weninger, Blaufr\u00e4nkisch, Blaufr\u00e4nkisch<\/p>\n","protected":false},"featured_media":0,"comment_status":"closed","ping_status":"closed","template":"","meta":{"_acf_changed":false},"product_brand":[],"product_cat":[17],"product_tag":[],"enthaltene-traubensorte":[1577],"weintyp_tax":[2113],"subskription":[],"class_list":{"0":"post-43678","1":"product","2":"type-product","3":"status-publish","5":"product_cat-uncategorized","6":"enthaltene-traubensorte-blaufraenkisch","7":"weintyp_tax-rose","9":"first","10":"instock","11":"taxable","12":"shipping-taxable","13":"purchasable","14":"product-type-simple"},"acf":[],"publishpress_future_workflow_manual_trigger":{"enabledWorkflows":[]},"_links":{"self":[{"href":"https:\/\/cantinadelmulino.ch\/fr\/wp-json\/wp\/v2\/product\/43678","targetHints":{"allow":["GET"]}}],"collection":[{"href":"https:\/\/cantinadelmulino.ch\/fr\/wp-json\/wp\/v2\/product"}],"about":[{"href":"https:\/\/cantinadelmulino.ch\/fr\/wp-json\/wp\/v2\/types\/product"}],"replies":[{"embeddable":true,"href":"https:\/\/cantinadelmulino.ch\/fr\/wp-json\/wp\/v2\/comments?post=43678"}],"wp:attachment":[{"href":"https:\/\/cantinadelmulino.ch\/fr\/wp-json\/wp\/v2\/media?parent=43678"}],"wp:term":[{"taxonomy":"product_brand","embeddable":true,"href":"https:\/\/cantinadelmulino.ch\/fr\/wp-json\/wp\/v2\/product_brand?post=43678"},{"taxonomy":"product_cat","embeddable":true,"href":"https:\/\/cantinadelmulino.ch\/fr\/wp-json\/wp\/v2\/product_cat?post=43678"},{"taxonomy":"product_tag","embeddable":true,"href":"https:\/\/cantinadelmulino.ch\/fr\/wp-json\/wp\/v2\/product_tag?post=43678"},{"taxonomy":"enthaltene-traubensorte","embeddable":true,"href":"https:\/\/cantinadelmulino.ch\/fr\/wp-json\/wp\/v2\/enthaltene-traubensorte?post=43678"},{"taxonomy":"weintyp_tax","embeddable":true,"href":"https:\/\/cantinadelmulino.ch\/fr\/wp-json\/wp\/v2\/weintyp_tax?post=43678"},{"taxonomy":"subskription","embeddable":true,"href":"https:\/\/cantinadelmulino.ch\/fr\/wp-json\/wp\/v2\/subskription?post=43678"}],"curies":[{"name":"wp","href":"https:\/\/api.w.org\/{rel}","templated":true}]}}