{"id":43680,"date":"2026-04-08T01:26:18","date_gmt":"2026-04-08T00:26:18","guid":{"rendered":"https:\/\/cantinadelmulino.ch\/product\/hochacker-blaufrankisch-burgenland-qw-2023-weingut-weninger-37cl-vin-rouge\/"},"modified":"2026-04-08T01:26:18","modified_gmt":"2026-04-08T00:26:18","slug":"hochacker-blaufrankisch-burgenland-qw-2023-weingut-weninger-37cl-vin-rouge","status":"publish","type":"product","link":"https:\/\/cantinadelmulino.ch\/fr\/produit\/hochacker-blaufrankisch-burgenland-qw-2023-weingut-weninger-37cl-vin-rouge\/","title":{"rendered":"Hoch\u00e4cker Blaufr\u00e4nkisch Burgenland Qw. | 2023 | Weingut Weninger | 37cl | vin rouge"},"content":{"rendered":"<p>Hoch\u00e4cker Blaufr\u00e4nkisch Burgenland Qw. 2023, \u00d6sterreich,\u00a0 Burgenland, , vin rouge, Blaufr\u00e4nkisch, 37cl, 2023, 12.5%, 37cl, Fleischgerichte, mediterrane Gerichte,\u00a0 9.45<\/p>\n","protected":false},"excerpt":{"rendered":"<p>Hoch\u00e4cker Blaufr\u00e4nkisch Burgenland Qw. 2023, \u00d6sterreich, Burgenland, Weingut Weninger, Weingut Weninger, Blaufr\u00e4nkisch, Blaufr\u00e4nkisch<\/p>\n","protected":false},"featured_media":0,"comment_status":"closed","ping_status":"closed","template":"","meta":{"_acf_changed":false},"product_brand":[],"product_cat":[17],"product_tag":[],"enthaltene-traubensorte":[1577],"weintyp_tax":[2115],"subskription":[],"class_list":{"0":"post-43680","1":"product","2":"type-product","3":"status-publish","5":"product_cat-uncategorized","6":"enthaltene-traubensorte-blaufraenkisch","7":"weintyp_tax-vin-rouge","9":"first","10":"instock","11":"taxable","12":"shipping-taxable","13":"purchasable","14":"product-type-simple"},"acf":[],"publishpress_future_workflow_manual_trigger":{"enabledWorkflows":[]},"_links":{"self":[{"href":"https:\/\/cantinadelmulino.ch\/fr\/wp-json\/wp\/v2\/product\/43680","targetHints":{"allow":["GET"]}}],"collection":[{"href":"https:\/\/cantinadelmulino.ch\/fr\/wp-json\/wp\/v2\/product"}],"about":[{"href":"https:\/\/cantinadelmulino.ch\/fr\/wp-json\/wp\/v2\/types\/product"}],"replies":[{"embeddable":true,"href":"https:\/\/cantinadelmulino.ch\/fr\/wp-json\/wp\/v2\/comments?post=43680"}],"wp:attachment":[{"href":"https:\/\/cantinadelmulino.ch\/fr\/wp-json\/wp\/v2\/media?parent=43680"}],"wp:term":[{"taxonomy":"product_brand","embeddable":true,"href":"https:\/\/cantinadelmulino.ch\/fr\/wp-json\/wp\/v2\/product_brand?post=43680"},{"taxonomy":"product_cat","embeddable":true,"href":"https:\/\/cantinadelmulino.ch\/fr\/wp-json\/wp\/v2\/product_cat?post=43680"},{"taxonomy":"product_tag","embeddable":true,"href":"https:\/\/cantinadelmulino.ch\/fr\/wp-json\/wp\/v2\/product_tag?post=43680"},{"taxonomy":"enthaltene-traubensorte","embeddable":true,"href":"https:\/\/cantinadelmulino.ch\/fr\/wp-json\/wp\/v2\/enthaltene-traubensorte?post=43680"},{"taxonomy":"weintyp_tax","embeddable":true,"href":"https:\/\/cantinadelmulino.ch\/fr\/wp-json\/wp\/v2\/weintyp_tax?post=43680"},{"taxonomy":"subskription","embeddable":true,"href":"https:\/\/cantinadelmulino.ch\/fr\/wp-json\/wp\/v2\/subskription?post=43680"}],"curies":[{"name":"wp","href":"https:\/\/api.w.org\/{rel}","templated":true}]}}