{"id":43686,"date":"2026-04-08T01:26:18","date_gmt":"2026-04-08T00:26:18","guid":{"rendered":"https:\/\/cantinadelmulino.ch\/product\/vina-cabriel-utiel-requena-superior-do-2023-bodegas-palmera-75cl-vin-rouge\/"},"modified":"2026-04-08T01:26:20","modified_gmt":"2026-04-08T00:26:20","slug":"vina-cabriel-utiel-requena-superior-do-2023-bodegas-palmera-75cl-vin-rouge","status":"publish","type":"product","link":"https:\/\/cantinadelmulino.ch\/fr\/produit\/vina-cabriel-utiel-requena-superior-do-2023-bodegas-palmera-75cl-vin-rouge\/","title":{"rendered":"Vi\u00f1a Cabriel Utiel-Requena superior DO | 2023 | Bodegas Palmera | 75cl | vin rouge"},"content":{"rendered":"<p>Vi\u00f1a Cabriel Utiel-Requena superior DO 2023, Espa\u00f1a,\u00a0 Valencia, , vin rouge, Tempranillo 55%, Cabernet Sauvignon 30%, Merlot 15%, 75cl, 2023, 14%, 75cl, Weisses Fleisch, Pa\u00eblla valenciana,\u00a0 11.7<\/p>\n","protected":false},"excerpt":{"rendered":"<p>Vi\u00f1a Cabriel Utiel-Requena superior DO 2023, Espa\u00f1a, Valencia, Bodegas Palmera, Bodegas Palmera, Tempranillo 55%, Cabernet Sauvignon 30%, Merlot 15%, Tempranillo 55%, Cabernet Sauvignon 30%, Merlot 15%<\/p>\n","protected":false},"featured_media":0,"comment_status":"closed","ping_status":"closed","template":"","meta":{"_acf_changed":false},"product_brand":[],"product_cat":[17],"product_tag":[],"enthaltene-traubensorte":[1550,1548,1538],"weintyp_tax":[2115],"subskription":[],"class_list":{"0":"post-43686","1":"product","2":"type-product","3":"status-publish","5":"product_cat-uncategorized","6":"enthaltene-traubensorte-cabernet-sauvignon","7":"enthaltene-traubensorte-merlot","8":"enthaltene-traubensorte-tempranillo","9":"weintyp_tax-vin-rouge","11":"first","12":"instock","13":"taxable","14":"shipping-taxable","15":"purchasable","16":"product-type-simple"},"acf":[],"publishpress_future_workflow_manual_trigger":{"enabledWorkflows":[]},"_links":{"self":[{"href":"https:\/\/cantinadelmulino.ch\/fr\/wp-json\/wp\/v2\/product\/43686","targetHints":{"allow":["GET"]}}],"collection":[{"href":"https:\/\/cantinadelmulino.ch\/fr\/wp-json\/wp\/v2\/product"}],"about":[{"href":"https:\/\/cantinadelmulino.ch\/fr\/wp-json\/wp\/v2\/types\/product"}],"replies":[{"embeddable":true,"href":"https:\/\/cantinadelmulino.ch\/fr\/wp-json\/wp\/v2\/comments?post=43686"}],"wp:attachment":[{"href":"https:\/\/cantinadelmulino.ch\/fr\/wp-json\/wp\/v2\/media?parent=43686"}],"wp:term":[{"taxonomy":"product_brand","embeddable":true,"href":"https:\/\/cantinadelmulino.ch\/fr\/wp-json\/wp\/v2\/product_brand?post=43686"},{"taxonomy":"product_cat","embeddable":true,"href":"https:\/\/cantinadelmulino.ch\/fr\/wp-json\/wp\/v2\/product_cat?post=43686"},{"taxonomy":"product_tag","embeddable":true,"href":"https:\/\/cantinadelmulino.ch\/fr\/wp-json\/wp\/v2\/product_tag?post=43686"},{"taxonomy":"enthaltene-traubensorte","embeddable":true,"href":"https:\/\/cantinadelmulino.ch\/fr\/wp-json\/wp\/v2\/enthaltene-traubensorte?post=43686"},{"taxonomy":"weintyp_tax","embeddable":true,"href":"https:\/\/cantinadelmulino.ch\/fr\/wp-json\/wp\/v2\/weintyp_tax?post=43686"},{"taxonomy":"subskription","embeddable":true,"href":"https:\/\/cantinadelmulino.ch\/fr\/wp-json\/wp\/v2\/subskription?post=43686"}],"curies":[{"name":"wp","href":"https:\/\/api.w.org\/{rel}","templated":true}]}}