{"id":43693,"date":"2026-04-08T01:26:23","date_gmt":"2026-04-08T00:26:23","guid":{"rendered":"https:\/\/cantinadelmulino.ch\/product\/sauvignon-la-cote-morges-aoc-2024-domaine-henri-cruchon-75cl-vin-blanc\/"},"modified":"2026-04-08T01:26:23","modified_gmt":"2026-04-08T00:26:23","slug":"sauvignon-la-cote-morges-aoc-2024-domaine-henri-cruchon-75cl-vin-blanc","status":"publish","type":"product","link":"https:\/\/cantinadelmulino.ch\/fr\/produit\/sauvignon-la-cote-morges-aoc-2024-domaine-henri-cruchon-75cl-vin-blanc\/","title":{"rendered":"Sauvignon La C\u00f4te Morges  AOC | 2024 | Domaine Henri Cruchon | 75cl | vin blanc"},"content":{"rendered":"<p>Sauvignon La C\u00f4te Morges  AOC 2024, Schweiz\/Suisse,\u00a0 Vaud, , vin blanc, Sauvignon, 75cl, 2024, , 75cl, Aperitif, Fische, Thail\u00e4ndische K\u00fcche, Spargeln, passt zu vielerlei K\u00e4sesorten,\u00a0 22.5<\/p>\n","protected":false},"excerpt":{"rendered":"<p>Sauvignon La C\u00f4te Morges  AOC 2024, Schweiz\/Suisse, Vaud, Domaine Henri Cruchon, Domaine Henri Cruchon, Sauvignon, Sauvignon<\/p>\n","protected":false},"featured_media":0,"comment_status":"closed","ping_status":"closed","template":"","meta":{"_acf_changed":false},"product_brand":[],"product_cat":[17],"product_tag":[],"enthaltene-traubensorte":[1596],"weintyp_tax":[2116],"subskription":[],"class_list":{"0":"post-43693","1":"product","2":"type-product","3":"status-publish","5":"product_cat-uncategorized","6":"enthaltene-traubensorte-sauvignon","7":"weintyp_tax-vin-blanc","9":"first","10":"instock","11":"taxable","12":"shipping-taxable","13":"purchasable","14":"product-type-simple"},"acf":[],"publishpress_future_workflow_manual_trigger":{"enabledWorkflows":[]},"_links":{"self":[{"href":"https:\/\/cantinadelmulino.ch\/fr\/wp-json\/wp\/v2\/product\/43693","targetHints":{"allow":["GET"]}}],"collection":[{"href":"https:\/\/cantinadelmulino.ch\/fr\/wp-json\/wp\/v2\/product"}],"about":[{"href":"https:\/\/cantinadelmulino.ch\/fr\/wp-json\/wp\/v2\/types\/product"}],"replies":[{"embeddable":true,"href":"https:\/\/cantinadelmulino.ch\/fr\/wp-json\/wp\/v2\/comments?post=43693"}],"wp:attachment":[{"href":"https:\/\/cantinadelmulino.ch\/fr\/wp-json\/wp\/v2\/media?parent=43693"}],"wp:term":[{"taxonomy":"product_brand","embeddable":true,"href":"https:\/\/cantinadelmulino.ch\/fr\/wp-json\/wp\/v2\/product_brand?post=43693"},{"taxonomy":"product_cat","embeddable":true,"href":"https:\/\/cantinadelmulino.ch\/fr\/wp-json\/wp\/v2\/product_cat?post=43693"},{"taxonomy":"product_tag","embeddable":true,"href":"https:\/\/cantinadelmulino.ch\/fr\/wp-json\/wp\/v2\/product_tag?post=43693"},{"taxonomy":"enthaltene-traubensorte","embeddable":true,"href":"https:\/\/cantinadelmulino.ch\/fr\/wp-json\/wp\/v2\/enthaltene-traubensorte?post=43693"},{"taxonomy":"weintyp_tax","embeddable":true,"href":"https:\/\/cantinadelmulino.ch\/fr\/wp-json\/wp\/v2\/weintyp_tax?post=43693"},{"taxonomy":"subskription","embeddable":true,"href":"https:\/\/cantinadelmulino.ch\/fr\/wp-json\/wp\/v2\/subskription?post=43693"}],"curies":[{"name":"wp","href":"https:\/\/api.w.org\/{rel}","templated":true}]}}