{"id":43722,"date":"2026-05-06T01:24:42","date_gmt":"2026-05-06T00:24:42","guid":{"rendered":"https:\/\/cantinadelmulino.ch\/product\/biso-verona-rosato-frizzante-igt-2021-societa-agricola-tenuta-la-ca-75cl-mousseux\/"},"modified":"2026-05-06T01:24:47","modified_gmt":"2026-05-06T00:24:47","slug":"biso-verona-rosato-frizzante-igt-2021-societa-agricola-tenuta-la-ca-75cl-mousseux","status":"publish","type":"product","link":"https:\/\/cantinadelmulino.ch\/fr\/produit\/biso-verona-rosato-frizzante-igt-2021-societa-agricola-tenuta-la-ca-75cl-mousseux\/","title":{"rendered":"Biso Verona rosato frizzante IGT | 2021 | Societ\u00e0 agricola Tenuta La C\u00e0 | 75cl | mousseux"},"content":{"rendered":"<p>Biso Verona rosato frizzante IGT 2021, Italia,\u00a0 Veneto, , mousseux, Corvinone, 75cl, 2021, , 75cl, Ap\u00e9ro, mittelreifer K\u00e4se,\u00a0 18.9<\/p>\n","protected":false},"excerpt":{"rendered":"<p>Biso Verona rosato frizzante IGT 2021, Italia, Veneto, Societ\u00e0 agricola Tenuta La C\u00e0, Societ\u00e0 agricola Tenuta La C\u00e0, Corvinone, Corvinone<\/p>\n","protected":false},"featured_media":0,"comment_status":"closed","ping_status":"closed","template":"","meta":{"_acf_changed":false},"product_brand":[],"product_cat":[17],"product_tag":[],"enthaltene-traubensorte":[1715],"weintyp_tax":[2117],"subskription":[],"class_list":{"0":"post-43722","1":"product","2":"type-product","3":"status-publish","5":"product_cat-uncategorized","6":"enthaltene-traubensorte-corvinone","7":"weintyp_tax-mousseux","9":"first","10":"instock","11":"taxable","12":"shipping-taxable","13":"purchasable","14":"product-type-simple"},"acf":[],"publishpress_future_workflow_manual_trigger":{"enabledWorkflows":[]},"_links":{"self":[{"href":"https:\/\/cantinadelmulino.ch\/fr\/wp-json\/wp\/v2\/product\/43722","targetHints":{"allow":["GET"]}}],"collection":[{"href":"https:\/\/cantinadelmulino.ch\/fr\/wp-json\/wp\/v2\/product"}],"about":[{"href":"https:\/\/cantinadelmulino.ch\/fr\/wp-json\/wp\/v2\/types\/product"}],"replies":[{"embeddable":true,"href":"https:\/\/cantinadelmulino.ch\/fr\/wp-json\/wp\/v2\/comments?post=43722"}],"wp:attachment":[{"href":"https:\/\/cantinadelmulino.ch\/fr\/wp-json\/wp\/v2\/media?parent=43722"}],"wp:term":[{"taxonomy":"product_brand","embeddable":true,"href":"https:\/\/cantinadelmulino.ch\/fr\/wp-json\/wp\/v2\/product_brand?post=43722"},{"taxonomy":"product_cat","embeddable":true,"href":"https:\/\/cantinadelmulino.ch\/fr\/wp-json\/wp\/v2\/product_cat?post=43722"},{"taxonomy":"product_tag","embeddable":true,"href":"https:\/\/cantinadelmulino.ch\/fr\/wp-json\/wp\/v2\/product_tag?post=43722"},{"taxonomy":"enthaltene-traubensorte","embeddable":true,"href":"https:\/\/cantinadelmulino.ch\/fr\/wp-json\/wp\/v2\/enthaltene-traubensorte?post=43722"},{"taxonomy":"weintyp_tax","embeddable":true,"href":"https:\/\/cantinadelmulino.ch\/fr\/wp-json\/wp\/v2\/weintyp_tax?post=43722"},{"taxonomy":"subskription","embeddable":true,"href":"https:\/\/cantinadelmulino.ch\/fr\/wp-json\/wp\/v2\/subskription?post=43722"}],"curies":[{"name":"wp","href":"https:\/\/api.w.org\/{rel}","templated":true}]}}