{"id":43728,"date":"2026-04-29T01:30:46","date_gmt":"2026-04-29T00:30:46","guid":{"rendered":"https:\/\/cantinadelmulino.ch\/product\/le-vent-dans-les-voiles-var-rose-igp-2025-valerie-courreges-provence-75cl-rose\/"},"modified":"2026-04-29T01:30:50","modified_gmt":"2026-04-29T00:30:50","slug":"le-vent-dans-les-voiles-var-rose-igp-2025-valerie-courreges-provence-75cl-rose","status":"publish","type":"product","link":"https:\/\/cantinadelmulino.ch\/fr\/produit\/le-vent-dans-les-voiles-var-rose-igp-2025-valerie-courreges-provence-75cl-rose\/","title":{"rendered":"Le Vent dans les Voiles Var Ros\u00e9 IGP | 2025 | Val\u00e9rie Courr\u00e8ges Provence | 75cl | ros\u00e9"},"content":{"rendered":"<p>Le Vent dans les Voiles Var Ros\u00e9 IGP 2025, France,\u00a0 Provence, , ros\u00e9, Cinsault 80%, Grenache 20%, 75cl, 2025, , 75cl, Aperitif, Sommergerichte, exotische K\u00fcche,\u00a0 12.15<\/p>\n","protected":false},"excerpt":{"rendered":"<p>Le Vent dans les Voiles Var Ros\u00e9 IGP 2025, France, Provence, Val\u00e9rie Courr\u00e8ges Provence, Val\u00e9rie Courr\u00e8ges Provence, Cinsault 80%, Grenache 20%, Cinsault 80%, Grenache 20%<\/p>\n","protected":false},"featured_media":0,"comment_status":"closed","ping_status":"closed","template":"","meta":{"_acf_changed":false},"product_brand":[],"product_cat":[17],"product_tag":[],"enthaltene-traubensorte":[1555,1554],"weintyp_tax":[2113],"subskription":[],"class_list":{"0":"post-43728","1":"product","2":"type-product","3":"status-publish","5":"product_cat-uncategorized","6":"enthaltene-traubensorte-cinsault","7":"enthaltene-traubensorte-grenache","8":"weintyp_tax-rose","10":"first","11":"instock","12":"taxable","13":"shipping-taxable","14":"purchasable","15":"product-type-simple"},"acf":[],"publishpress_future_workflow_manual_trigger":{"enabledWorkflows":[]},"_links":{"self":[{"href":"https:\/\/cantinadelmulino.ch\/fr\/wp-json\/wp\/v2\/product\/43728","targetHints":{"allow":["GET"]}}],"collection":[{"href":"https:\/\/cantinadelmulino.ch\/fr\/wp-json\/wp\/v2\/product"}],"about":[{"href":"https:\/\/cantinadelmulino.ch\/fr\/wp-json\/wp\/v2\/types\/product"}],"replies":[{"embeddable":true,"href":"https:\/\/cantinadelmulino.ch\/fr\/wp-json\/wp\/v2\/comments?post=43728"}],"wp:attachment":[{"href":"https:\/\/cantinadelmulino.ch\/fr\/wp-json\/wp\/v2\/media?parent=43728"}],"wp:term":[{"taxonomy":"product_brand","embeddable":true,"href":"https:\/\/cantinadelmulino.ch\/fr\/wp-json\/wp\/v2\/product_brand?post=43728"},{"taxonomy":"product_cat","embeddable":true,"href":"https:\/\/cantinadelmulino.ch\/fr\/wp-json\/wp\/v2\/product_cat?post=43728"},{"taxonomy":"product_tag","embeddable":true,"href":"https:\/\/cantinadelmulino.ch\/fr\/wp-json\/wp\/v2\/product_tag?post=43728"},{"taxonomy":"enthaltene-traubensorte","embeddable":true,"href":"https:\/\/cantinadelmulino.ch\/fr\/wp-json\/wp\/v2\/enthaltene-traubensorte?post=43728"},{"taxonomy":"weintyp_tax","embeddable":true,"href":"https:\/\/cantinadelmulino.ch\/fr\/wp-json\/wp\/v2\/weintyp_tax?post=43728"},{"taxonomy":"subskription","embeddable":true,"href":"https:\/\/cantinadelmulino.ch\/fr\/wp-json\/wp\/v2\/subskription?post=43728"}],"curies":[{"name":"wp","href":"https:\/\/api.w.org\/{rel}","templated":true}]}}