{"id":43729,"date":"2026-04-29T01:30:46","date_gmt":"2026-04-29T00:30:46","guid":{"rendered":"https:\/\/cantinadelmulino.ch\/product\/orange-metalik-maceration-vdf-2024-valerie-courreges-provence-75cl-vin-blanc\/"},"modified":"2026-04-29T01:30:50","modified_gmt":"2026-04-29T00:30:50","slug":"orange-metalik-maceration-vdf-2024-valerie-courreges-provence-75cl-vin-blanc","status":"publish","type":"product","link":"https:\/\/cantinadelmulino.ch\/fr\/produit\/orange-metalik-maceration-vdf-2024-valerie-courreges-provence-75cl-vin-blanc\/","title":{"rendered":"Orange m\u00e9talik Mac\u00e9ration vdf | 2024 | Val\u00e9rie Courr\u00e8ges Provence | 75cl | vin blanc"},"content":{"rendered":"<p>Orange m\u00e9talik Mac\u00e9ration vdf 2024, France,\u00a0 Provence, , vin blanc, Vermentino, 75cl, 2024, , 75cl, ,\u00a0 18<\/p>\n","protected":false},"excerpt":{"rendered":"<p>Orange m\u00e9talik Mac\u00e9ration vdf 2024, France, Provence, Val\u00e9rie Courr\u00e8ges Provence, Val\u00e9rie Courr\u00e8ges Provence, Vermentino, Vermentino<\/p>\n","protected":false},"featured_media":0,"comment_status":"closed","ping_status":"closed","template":"","meta":{"_acf_changed":false},"product_brand":[],"product_cat":[17],"product_tag":[],"enthaltene-traubensorte":[1602],"weintyp_tax":[2116],"subskription":[],"class_list":{"0":"post-43729","1":"product","2":"type-product","3":"status-publish","5":"product_cat-uncategorized","6":"enthaltene-traubensorte-vermentino","7":"weintyp_tax-vin-blanc","9":"first","10":"instock","11":"taxable","12":"shipping-taxable","13":"purchasable","14":"product-type-simple"},"acf":[],"publishpress_future_workflow_manual_trigger":{"enabledWorkflows":[]},"_links":{"self":[{"href":"https:\/\/cantinadelmulino.ch\/fr\/wp-json\/wp\/v2\/product\/43729","targetHints":{"allow":["GET"]}}],"collection":[{"href":"https:\/\/cantinadelmulino.ch\/fr\/wp-json\/wp\/v2\/product"}],"about":[{"href":"https:\/\/cantinadelmulino.ch\/fr\/wp-json\/wp\/v2\/types\/product"}],"replies":[{"embeddable":true,"href":"https:\/\/cantinadelmulino.ch\/fr\/wp-json\/wp\/v2\/comments?post=43729"}],"wp:attachment":[{"href":"https:\/\/cantinadelmulino.ch\/fr\/wp-json\/wp\/v2\/media?parent=43729"}],"wp:term":[{"taxonomy":"product_brand","embeddable":true,"href":"https:\/\/cantinadelmulino.ch\/fr\/wp-json\/wp\/v2\/product_brand?post=43729"},{"taxonomy":"product_cat","embeddable":true,"href":"https:\/\/cantinadelmulino.ch\/fr\/wp-json\/wp\/v2\/product_cat?post=43729"},{"taxonomy":"product_tag","embeddable":true,"href":"https:\/\/cantinadelmulino.ch\/fr\/wp-json\/wp\/v2\/product_tag?post=43729"},{"taxonomy":"enthaltene-traubensorte","embeddable":true,"href":"https:\/\/cantinadelmulino.ch\/fr\/wp-json\/wp\/v2\/enthaltene-traubensorte?post=43729"},{"taxonomy":"weintyp_tax","embeddable":true,"href":"https:\/\/cantinadelmulino.ch\/fr\/wp-json\/wp\/v2\/weintyp_tax?post=43729"},{"taxonomy":"subskription","embeddable":true,"href":"https:\/\/cantinadelmulino.ch\/fr\/wp-json\/wp\/v2\/subskription?post=43729"}],"curies":[{"name":"wp","href":"https:\/\/api.w.org\/{rel}","templated":true}]}}