{"id":43730,"date":"2026-04-29T01:30:46","date_gmt":"2026-04-29T00:30:46","guid":{"rendered":"https:\/\/cantinadelmulino.ch\/product\/zinzolin-vdf-2021-valerie-courreges-cahors-75cl-vin-rouge\/"},"modified":"2026-04-29T01:30:51","modified_gmt":"2026-04-29T00:30:51","slug":"zinzolin-vdf-2021-valerie-courreges-cahors-75cl-vin-rouge","status":"publish","type":"product","link":"https:\/\/cantinadelmulino.ch\/fr\/produit\/zinzolin-vdf-2021-valerie-courreges-cahors-75cl-vin-rouge\/","title":{"rendered":"Zinzolin vdf | 2021 | Val\u00e9rie Courr\u00e8ges Cahors | 75cl | vin rouge"},"content":{"rendered":"<p>Zinzolin vdf 2021, France,\u00a0 Sud-Ouest, , vin rouge, Malbec 40%, Syrah 30%, Cabernet Franc 20%, Merlot 10%, 75cl, 2021, 14%, 75cl, ,\u00a0 14.4<\/p>\n","protected":false},"excerpt":{"rendered":"<p>Zinzolin vdf 2021, France, Sud-Ouest, Val\u00e9rie Courr\u00e8ges Cahors, Val\u00e9rie Courr\u00e8ges Cahors, Malbec 40%, Syrah 30%, Cabernet Franc 20%, Merlot 10%, Malbec 40%, Syrah 30%, Cabernet Franc 20%, Merlot 10%<\/p>\n","protected":false},"featured_media":0,"comment_status":"closed","ping_status":"closed","template":"","meta":{"_acf_changed":false},"product_brand":[],"product_cat":[17],"product_tag":[],"enthaltene-traubensorte":[1549,1579,1548,1552],"weintyp_tax":[2115],"subskription":[],"class_list":{"0":"post-43730","1":"product","2":"type-product","3":"status-publish","5":"product_cat-uncategorized","6":"enthaltene-traubensorte-cabernet-franc","7":"enthaltene-traubensorte-malbec","8":"enthaltene-traubensorte-merlot","9":"enthaltene-traubensorte-syrah","10":"weintyp_tax-vin-rouge","12":"first","13":"instock","14":"taxable","15":"shipping-taxable","16":"purchasable","17":"product-type-simple"},"acf":[],"publishpress_future_workflow_manual_trigger":{"enabledWorkflows":[]},"_links":{"self":[{"href":"https:\/\/cantinadelmulino.ch\/fr\/wp-json\/wp\/v2\/product\/43730","targetHints":{"allow":["GET"]}}],"collection":[{"href":"https:\/\/cantinadelmulino.ch\/fr\/wp-json\/wp\/v2\/product"}],"about":[{"href":"https:\/\/cantinadelmulino.ch\/fr\/wp-json\/wp\/v2\/types\/product"}],"replies":[{"embeddable":true,"href":"https:\/\/cantinadelmulino.ch\/fr\/wp-json\/wp\/v2\/comments?post=43730"}],"wp:attachment":[{"href":"https:\/\/cantinadelmulino.ch\/fr\/wp-json\/wp\/v2\/media?parent=43730"}],"wp:term":[{"taxonomy":"product_brand","embeddable":true,"href":"https:\/\/cantinadelmulino.ch\/fr\/wp-json\/wp\/v2\/product_brand?post=43730"},{"taxonomy":"product_cat","embeddable":true,"href":"https:\/\/cantinadelmulino.ch\/fr\/wp-json\/wp\/v2\/product_cat?post=43730"},{"taxonomy":"product_tag","embeddable":true,"href":"https:\/\/cantinadelmulino.ch\/fr\/wp-json\/wp\/v2\/product_tag?post=43730"},{"taxonomy":"enthaltene-traubensorte","embeddable":true,"href":"https:\/\/cantinadelmulino.ch\/fr\/wp-json\/wp\/v2\/enthaltene-traubensorte?post=43730"},{"taxonomy":"weintyp_tax","embeddable":true,"href":"https:\/\/cantinadelmulino.ch\/fr\/wp-json\/wp\/v2\/weintyp_tax?post=43730"},{"taxonomy":"subskription","embeddable":true,"href":"https:\/\/cantinadelmulino.ch\/fr\/wp-json\/wp\/v2\/subskription?post=43730"}],"curies":[{"name":"wp","href":"https:\/\/api.w.org\/{rel}","templated":true}]}}