{"id":43795,"date":"2026-05-13T01:26:31","date_gmt":"2026-05-13T00:26:31","guid":{"rendered":"https:\/\/cantinadelmulino.ch\/product\/chieto-chiaretto-bardolino-classico-doc-2025-societa-agricola-tenuta-la-ca-75cl-rose\/"},"modified":"2026-05-13T01:26:37","modified_gmt":"2026-05-13T00:26:37","slug":"chieto-chiaretto-bardolino-classico-doc-2025-societa-agricola-tenuta-la-ca-75cl-rose","status":"publish","type":"product","link":"https:\/\/cantinadelmulino.ch\/fr\/produit\/chieto-chiaretto-bardolino-classico-doc-2025-societa-agricola-tenuta-la-ca-75cl-rose\/","title":{"rendered":"Chieto Chiaretto Bardolino classico DOC | 2025 | Societ\u00e0 agricola Tenuta La C\u00e0 | 75cl | ros\u00e9"},"content":{"rendered":"<p>Chieto Chiaretto Bardolino classico DOC 2025, Italia,\u00a0 Veneto, , ros\u00e9, Corvina, Rondinella, Corvinone, 75cl, 2025, , 75cl, Aperitif, pizza, Salami, Teigwaren an Gem\u00fcsesaucen, S\u00fcss-sauer-Gerichte,\u00a0 15.3<\/p>\n","protected":false},"excerpt":{"rendered":"<p>Chieto Chiaretto Bardolino classico DOC 2025, Italia, Veneto, Societ\u00e0 agricola Tenuta La C\u00e0, Societ\u00e0 agricola Tenuta La C\u00e0, Corvina, Rondinella, Corvinone, Corvina, Rondinella, Corvinone<\/p>\n","protected":false},"featured_media":0,"comment_status":"closed","ping_status":"closed","template":"","meta":{"_acf_changed":false},"product_brand":[],"product_cat":[17],"product_tag":[],"enthaltene-traubensorte":[1639,1715,1640],"weintyp_tax":[2113],"subskription":[],"class_list":{"0":"post-43795","1":"product","2":"type-product","3":"status-publish","5":"product_cat-uncategorized","6":"enthaltene-traubensorte-corvina","7":"enthaltene-traubensorte-corvinone","8":"enthaltene-traubensorte-rondinella","9":"weintyp_tax-rose","11":"first","12":"instock","13":"taxable","14":"shipping-taxable","15":"purchasable","16":"product-type-simple"},"acf":[],"publishpress_future_workflow_manual_trigger":{"enabledWorkflows":[]},"_links":{"self":[{"href":"https:\/\/cantinadelmulino.ch\/fr\/wp-json\/wp\/v2\/product\/43795","targetHints":{"allow":["GET"]}}],"collection":[{"href":"https:\/\/cantinadelmulino.ch\/fr\/wp-json\/wp\/v2\/product"}],"about":[{"href":"https:\/\/cantinadelmulino.ch\/fr\/wp-json\/wp\/v2\/types\/product"}],"replies":[{"embeddable":true,"href":"https:\/\/cantinadelmulino.ch\/fr\/wp-json\/wp\/v2\/comments?post=43795"}],"wp:attachment":[{"href":"https:\/\/cantinadelmulino.ch\/fr\/wp-json\/wp\/v2\/media?parent=43795"}],"wp:term":[{"taxonomy":"product_brand","embeddable":true,"href":"https:\/\/cantinadelmulino.ch\/fr\/wp-json\/wp\/v2\/product_brand?post=43795"},{"taxonomy":"product_cat","embeddable":true,"href":"https:\/\/cantinadelmulino.ch\/fr\/wp-json\/wp\/v2\/product_cat?post=43795"},{"taxonomy":"product_tag","embeddable":true,"href":"https:\/\/cantinadelmulino.ch\/fr\/wp-json\/wp\/v2\/product_tag?post=43795"},{"taxonomy":"enthaltene-traubensorte","embeddable":true,"href":"https:\/\/cantinadelmulino.ch\/fr\/wp-json\/wp\/v2\/enthaltene-traubensorte?post=43795"},{"taxonomy":"weintyp_tax","embeddable":true,"href":"https:\/\/cantinadelmulino.ch\/fr\/wp-json\/wp\/v2\/weintyp_tax?post=43795"},{"taxonomy":"subskription","embeddable":true,"href":"https:\/\/cantinadelmulino.ch\/fr\/wp-json\/wp\/v2\/subskription?post=43795"}],"curies":[{"name":"wp","href":"https:\/\/api.w.org\/{rel}","templated":true}]}}