{"id":43797,"date":"2026-05-13T01:26:31","date_gmt":"2026-05-13T00:26:31","guid":{"rendered":"https:\/\/cantinadelmulino.ch\/product\/merlot-verona-igt-2023-societa-agricola-tenuta-la-ca-75cl-vin-rouge\/"},"modified":"2026-05-13T01:26:38","modified_gmt":"2026-05-13T00:26:38","slug":"merlot-verona-igt-2023-societa-agricola-tenuta-la-ca-75cl-vin-rouge","status":"publish","type":"product","link":"https:\/\/cantinadelmulino.ch\/fr\/produit\/merlot-verona-igt-2023-societa-agricola-tenuta-la-ca-75cl-vin-rouge\/","title":{"rendered":"Merlot Verona IGT | 2023 | Societ\u00e0 agricola Tenuta La C\u00e0 | 75cl | vin rouge"},"content":{"rendered":"<p>Merlot Verona IGT 2023, Italia,\u00a0 Veneto, , vin rouge, Caberent Franc, 75cl, 2023, , 75cl, Schweinsbraten, Pilzragout, Rotweinrisotto,\u00a0 28.8<\/p>\n","protected":false},"excerpt":{"rendered":"<p>Merlot Verona IGT 2023, Italia, Veneto, Societ\u00e0 agricola Tenuta La C\u00e0, Societ\u00e0 agricola Tenuta La C\u00e0, Caberent Franc, Caberent Franc<\/p>\n","protected":false},"featured_media":0,"comment_status":"closed","ping_status":"closed","template":"","meta":{"_acf_changed":false},"product_brand":[],"product_cat":[17],"product_tag":[],"enthaltene-traubensorte":[2207],"weintyp_tax":[2115],"subskription":[],"class_list":{"0":"post-43797","1":"product","2":"type-product","3":"status-publish","5":"product_cat-uncategorized","6":"enthaltene-traubensorte-caberent-franc","7":"weintyp_tax-vin-rouge","9":"first","10":"instock","11":"taxable","12":"shipping-taxable","13":"purchasable","14":"product-type-simple"},"acf":[],"publishpress_future_workflow_manual_trigger":{"enabledWorkflows":[]},"_links":{"self":[{"href":"https:\/\/cantinadelmulino.ch\/fr\/wp-json\/wp\/v2\/product\/43797","targetHints":{"allow":["GET"]}}],"collection":[{"href":"https:\/\/cantinadelmulino.ch\/fr\/wp-json\/wp\/v2\/product"}],"about":[{"href":"https:\/\/cantinadelmulino.ch\/fr\/wp-json\/wp\/v2\/types\/product"}],"replies":[{"embeddable":true,"href":"https:\/\/cantinadelmulino.ch\/fr\/wp-json\/wp\/v2\/comments?post=43797"}],"wp:attachment":[{"href":"https:\/\/cantinadelmulino.ch\/fr\/wp-json\/wp\/v2\/media?parent=43797"}],"wp:term":[{"taxonomy":"product_brand","embeddable":true,"href":"https:\/\/cantinadelmulino.ch\/fr\/wp-json\/wp\/v2\/product_brand?post=43797"},{"taxonomy":"product_cat","embeddable":true,"href":"https:\/\/cantinadelmulino.ch\/fr\/wp-json\/wp\/v2\/product_cat?post=43797"},{"taxonomy":"product_tag","embeddable":true,"href":"https:\/\/cantinadelmulino.ch\/fr\/wp-json\/wp\/v2\/product_tag?post=43797"},{"taxonomy":"enthaltene-traubensorte","embeddable":true,"href":"https:\/\/cantinadelmulino.ch\/fr\/wp-json\/wp\/v2\/enthaltene-traubensorte?post=43797"},{"taxonomy":"weintyp_tax","embeddable":true,"href":"https:\/\/cantinadelmulino.ch\/fr\/wp-json\/wp\/v2\/weintyp_tax?post=43797"},{"taxonomy":"subskription","embeddable":true,"href":"https:\/\/cantinadelmulino.ch\/fr\/wp-json\/wp\/v2\/subskription?post=43797"}],"curies":[{"name":"wp","href":"https:\/\/api.w.org\/{rel}","templated":true}]}}